{"id":52437,"date":"2026-02-24T12:46:58","date_gmt":"2026-02-24T11:46:58","guid":{"rendered":"https:\/\/imprimeideas.es\/?post_type=product&p=52437"},"modified":"2026-02-26T18:08:19","modified_gmt":"2026-02-26T17:08:19","slug":"boligrafo-cuter-lidor","status":"publish","type":"product","link":"https:\/\/imprimeideas.es\/en\/product\/boligrafo-cuter-lidor\/","title":{"rendered":"Bol\u00edgrafo C\u00fater Lidor"},"content":{"rendered":"<p>Bol\u00edgrafo c\u00fater con cuerpo en ABS  en acabado mate. Con pulsador que permite que por un extremo salga el cuerpo del bol\u00edgrafo en tinta azul y en el otro extremo punta de metal del c\u00fater se puede retraer cuando no est\u00e1 en uso para mayor seguridad. Ideal para cortar con precisi\u00f3n.<\/p>","protected":false},"excerpt":{"rendered":"<p>Bol\u00edgrafo c\u00fater con cuerpo en ABS en acabado mate. Con pulsador que permite que por un extremo salga el cuerpo<\/p>","protected":false},"featured_media":76393,"comment_status":"open","ping_status":"open","template":"","meta":{"inline_featured_image":false},"product_brand":[],"product_cat":[2157,107,100,110],"product_tag":[],"class_list":{"0":"post-52437","1":"product","2":"type-product","3":"status-publish","4":"has-post-thumbnail","6":"product_cat-novedades","7":"product_cat-cuidado-personal-y-pharma","8":"product_cat-escritura","9":"product_cat-herramientas-brico-y-automovil","11":"first","12":"instock","13":"taxable","14":"shipping-taxable","15":"purchasable","16":"product-type-variable","17":"has-default-attributes"},"aioseo_notices":[],"_links":{"self":[{"href":"https:\/\/imprimeideas.es\/en\/wp-json\/wp\/v2\/product\/52437","targetHints":{"allow":["GET"]}}],"collection":[{"href":"https:\/\/imprimeideas.es\/en\/wp-json\/wp\/v2\/product"}],"about":[{"href":"https:\/\/imprimeideas.es\/en\/wp-json\/wp\/v2\/types\/product"}],"replies":[{"embeddable":true,"href":"https:\/\/imprimeideas.es\/en\/wp-json\/wp\/v2\/comments?post=52437"}],"version-history":[{"count":1,"href":"https:\/\/imprimeideas.es\/en\/wp-json\/wp\/v2\/product\/52437\/revisions"}],"predecessor-version":[{"id":58387,"href":"https:\/\/imprimeideas.es\/en\/wp-json\/wp\/v2\/product\/52437\/revisions\/58387"}],"wp:featuredmedia":[{"embeddable":true,"href":"https:\/\/imprimeideas.es\/en\/wp-json\/wp\/v2\/media\/76393"}],"wp:attachment":[{"href":"https:\/\/imprimeideas.es\/en\/wp-json\/wp\/v2\/media?parent=52437"}],"wp:term":[{"taxonomy":"product_brand","embeddable":true,"href":"https:\/\/imprimeideas.es\/en\/wp-json\/wp\/v2\/product_brand?post=52437"},{"taxonomy":"product_cat","embeddable":true,"href":"https:\/\/imprimeideas.es\/en\/wp-json\/wp\/v2\/product_cat?post=52437"},{"taxonomy":"product_tag","embeddable":true,"href":"https:\/\/imprimeideas.es\/en\/wp-json\/wp\/v2\/product_tag?post=52437"}],"curies":[{"name":"wp","href":"https:\/\/api.w.org\/{rel}","templated":true}]}}