{"id":52428,"date":"2026-02-24T12:46:56","date_gmt":"2026-02-24T11:46:56","guid":{"rendered":"https:\/\/imprimeideas.es\/?post_type=product&p=52428"},"modified":"2026-02-26T18:19:14","modified_gmt":"2026-02-26T17:19:14","slug":"boligrafo-kalfit","status":"publish","type":"product","link":"https:\/\/imprimeideas.es\/en\/product\/boligrafo-kalfit\/","title":{"rendered":"Bol\u00edgrafo Kalfit"},"content":{"rendered":"<p>Bol\u00edgrafo de mecanismo pulsador en resistente ABS. Fabricado en elegante combinaci\u00f3n de ca\u00f1 . Clip de tono negro. Con pulsador y punta en tono plateado, grip con acabado gomoso y cuerpo brillante. En tinta azul.<\/p>","protected":false},"excerpt":{"rendered":"<p>Bol\u00edgrafo de mecanismo pulsador en resistente ABS. Fabricado en elegante combinaci\u00f3n de ca\u00f1 . Clip de tono negro. Con pulsador<\/p>","protected":false},"featured_media":77454,"comment_status":"open","ping_status":"open","template":"","meta":{"inline_featured_image":false},"product_brand":[],"product_cat":[100],"product_tag":[],"class_list":{"0":"post-52428","1":"product","2":"type-product","3":"status-publish","4":"has-post-thumbnail","6":"product_cat-escritura","8":"first","9":"instock","10":"taxable","11":"shipping-taxable","12":"purchasable","13":"product-type-variable","14":"has-default-attributes"},"aioseo_notices":[],"_links":{"self":[{"href":"https:\/\/imprimeideas.es\/en\/wp-json\/wp\/v2\/product\/52428","targetHints":{"allow":["GET"]}}],"collection":[{"href":"https:\/\/imprimeideas.es\/en\/wp-json\/wp\/v2\/product"}],"about":[{"href":"https:\/\/imprimeideas.es\/en\/wp-json\/wp\/v2\/types\/product"}],"replies":[{"embeddable":true,"href":"https:\/\/imprimeideas.es\/en\/wp-json\/wp\/v2\/comments?post=52428"}],"version-history":[{"count":1,"href":"https:\/\/imprimeideas.es\/en\/wp-json\/wp\/v2\/product\/52428\/revisions"}],"predecessor-version":[{"id":58349,"href":"https:\/\/imprimeideas.es\/en\/wp-json\/wp\/v2\/product\/52428\/revisions\/58349"}],"wp:featuredmedia":[{"embeddable":true,"href":"https:\/\/imprimeideas.es\/en\/wp-json\/wp\/v2\/media\/77454"}],"wp:attachment":[{"href":"https:\/\/imprimeideas.es\/en\/wp-json\/wp\/v2\/media?parent=52428"}],"wp:term":[{"taxonomy":"product_brand","embeddable":true,"href":"https:\/\/imprimeideas.es\/en\/wp-json\/wp\/v2\/product_brand?post=52428"},{"taxonomy":"product_cat","embeddable":true,"href":"https:\/\/imprimeideas.es\/en\/wp-json\/wp\/v2\/product_cat?post=52428"},{"taxonomy":"product_tag","embeddable":true,"href":"https:\/\/imprimeideas.es\/en\/wp-json\/wp\/v2\/product_tag?post=52428"}],"curies":[{"name":"wp","href":"https:\/\/api.w.org\/{rel}","templated":true}]}}