{"id":52368,"date":"2026-02-24T12:46:48","date_gmt":"2026-02-24T11:46:48","guid":{"rendered":"https:\/\/imprimeideas.es\/?post_type=product&p=52368"},"modified":"2026-02-26T18:08:18","modified_gmt":"2026-02-26T17:08:18","slug":"set-ceras-daclor","status":"publish","type":"product","link":"https:\/\/imprimeideas.es\/en\/product\/set-ceras-daclor\/","title":{"rendered":"Set Ceras Daclor"},"content":{"rendered":"<p>Set de ceras en original estuche de PS  transl\u00facido en forma de cera. Compuesto por seis puntas de cera de colores intercambiables (amarillo, azul, rojo, verde, naranja y marr\u00f3n). Dispone de un tap\u00f3n protector para la punta.Ideal regalo infantil   que encantar\u00e1 a todos los ni\u00f1os.<\/p>","protected":false},"excerpt":{"rendered":"<p>6 Ceras<\/p>","protected":false},"featured_media":75450,"comment_status":"open","ping_status":"open","template":"","meta":{"inline_featured_image":false},"product_brand":[],"product_cat":[100,108],"product_tag":[],"class_list":{"0":"post-52368","1":"product","2":"type-product","3":"status-publish","4":"has-post-thumbnail","6":"product_cat-escritura","7":"product_cat-infantil","9":"first","10":"instock","11":"taxable","12":"shipping-taxable","13":"purchasable","14":"product-type-variable","15":"has-default-attributes"},"aioseo_notices":[],"_links":{"self":[{"href":"https:\/\/imprimeideas.es\/en\/wp-json\/wp\/v2\/product\/52368","targetHints":{"allow":["GET"]}}],"collection":[{"href":"https:\/\/imprimeideas.es\/en\/wp-json\/wp\/v2\/product"}],"about":[{"href":"https:\/\/imprimeideas.es\/en\/wp-json\/wp\/v2\/types\/product"}],"replies":[{"embeddable":true,"href":"https:\/\/imprimeideas.es\/en\/wp-json\/wp\/v2\/comments?post=52368"}],"version-history":[{"count":1,"href":"https:\/\/imprimeideas.es\/en\/wp-json\/wp\/v2\/product\/52368\/revisions"}],"predecessor-version":[{"id":58333,"href":"https:\/\/imprimeideas.es\/en\/wp-json\/wp\/v2\/product\/52368\/revisions\/58333"}],"wp:featuredmedia":[{"embeddable":true,"href":"https:\/\/imprimeideas.es\/en\/wp-json\/wp\/v2\/media\/75450"}],"wp:attachment":[{"href":"https:\/\/imprimeideas.es\/en\/wp-json\/wp\/v2\/media?parent=52368"}],"wp:term":[{"taxonomy":"product_brand","embeddable":true,"href":"https:\/\/imprimeideas.es\/en\/wp-json\/wp\/v2\/product_brand?post=52368"},{"taxonomy":"product_cat","embeddable":true,"href":"https:\/\/imprimeideas.es\/en\/wp-json\/wp\/v2\/product_cat?post=52368"},{"taxonomy":"product_tag","embeddable":true,"href":"https:\/\/imprimeideas.es\/en\/wp-json\/wp\/v2\/product_tag?post=52368"}],"curies":[{"name":"wp","href":"https:\/\/api.w.org\/{rel}","templated":true}]}}