{"id":52355,"date":"2026-02-24T12:46:46","date_gmt":"2026-02-24T11:46:46","guid":{"rendered":"https:\/\/imprimeideas.es\/?post_type=product&p=52355"},"modified":"2026-02-26T18:42:33","modified_gmt":"2026-02-26T17:42:33","slug":"lanyard-soporte-zaret","status":"publish","type":"product","link":"https:\/\/imprimeideas.es\/en\/product\/lanyard-soporte-zaret\/","title":{"rendered":"Lanyard Soporte Zaret"},"content":{"rendered":"<p>Lanyard con accesorio para smartphone. Fabricado en resistente poli\u00e9ster. Accesorio de transporte para situar entre la funda y el smartphone y mosquet\u00f3n giratorio met\u00e1lico. Ajustadores en cuello, con detalles cromados en los extremos de los cordones de ajuste.<\/p>","protected":false},"excerpt":{"rendered":"<p>Lanyard con accesorio para smartphone. Fabricado en resistente poli\u00e9ster. Accesorio de transporte para situar entre la funda y el smartphone<\/p>","protected":false},"featured_media":61948,"comment_status":"open","ping_status":"open","template":"","meta":{"inline_featured_image":false},"product_brand":[],"product_cat":[95],"product_tag":[],"class_list":{"0":"post-52355","1":"product","2":"type-product","3":"status-publish","4":"has-post-thumbnail","6":"product_cat-tecnologia-y-accesorios","8":"first","9":"instock","10":"taxable","11":"shipping-taxable","12":"purchasable","13":"product-type-variable","14":"has-default-attributes"},"aioseo_notices":[],"_links":{"self":[{"href":"https:\/\/imprimeideas.es\/en\/wp-json\/wp\/v2\/product\/52355","targetHints":{"allow":["GET"]}}],"collection":[{"href":"https:\/\/imprimeideas.es\/en\/wp-json\/wp\/v2\/product"}],"about":[{"href":"https:\/\/imprimeideas.es\/en\/wp-json\/wp\/v2\/types\/product"}],"replies":[{"embeddable":true,"href":"https:\/\/imprimeideas.es\/en\/wp-json\/wp\/v2\/comments?post=52355"}],"version-history":[{"count":1,"href":"https:\/\/imprimeideas.es\/en\/wp-json\/wp\/v2\/product\/52355\/revisions"}],"predecessor-version":[{"id":58313,"href":"https:\/\/imprimeideas.es\/en\/wp-json\/wp\/v2\/product\/52355\/revisions\/58313"}],"wp:featuredmedia":[{"embeddable":true,"href":"https:\/\/imprimeideas.es\/en\/wp-json\/wp\/v2\/media\/61948"}],"wp:attachment":[{"href":"https:\/\/imprimeideas.es\/en\/wp-json\/wp\/v2\/media?parent=52355"}],"wp:term":[{"taxonomy":"product_brand","embeddable":true,"href":"https:\/\/imprimeideas.es\/en\/wp-json\/wp\/v2\/product_brand?post=52355"},{"taxonomy":"product_cat","embeddable":true,"href":"https:\/\/imprimeideas.es\/en\/wp-json\/wp\/v2\/product_cat?post=52355"},{"taxonomy":"product_tag","embeddable":true,"href":"https:\/\/imprimeideas.es\/en\/wp-json\/wp\/v2\/product_tag?post=52355"}],"curies":[{"name":"wp","href":"https:\/\/api.w.org\/{rel}","templated":true}]}}