{"id":52337,"date":"2026-02-24T12:46:43","date_gmt":"2026-02-24T11:46:43","guid":{"rendered":"https:\/\/imprimeideas.es\/?post_type=product&p=52337"},"modified":"2026-02-26T18:08:19","modified_gmt":"2026-02-26T17:08:19","slug":"set-nianlok","status":"publish","type":"product","link":"https:\/\/imprimeideas.es\/en\/product\/set-nianlok\/","title":{"rendered":"Set Nianlok"},"content":{"rendered":"<p>Set de 12 l\u00e1pices de madera, con cuerpo hexagonal y minas en varios colores. Presentados en estuche cil\u00edndrico de cart\u00f3n reciclado, con capucha transparente y sacapuntas integrado.<\/p>","protected":false},"excerpt":{"rendered":"<p>12 Piezas<\/p>","protected":false},"featured_media":67339,"comment_status":"open","ping_status":"open","template":"","meta":{"inline_featured_image":false},"product_brand":[],"product_cat":[100,108],"product_tag":[],"class_list":{"0":"post-52337","1":"product","2":"type-product","3":"status-publish","4":"has-post-thumbnail","6":"product_cat-escritura","7":"product_cat-infantil","9":"first","10":"outofstock","11":"taxable","12":"shipping-taxable","13":"purchasable","14":"product-type-variable","15":"has-default-attributes"},"aioseo_notices":[],"_links":{"self":[{"href":"https:\/\/imprimeideas.es\/en\/wp-json\/wp\/v2\/product\/52337","targetHints":{"allow":["GET"]}}],"collection":[{"href":"https:\/\/imprimeideas.es\/en\/wp-json\/wp\/v2\/product"}],"about":[{"href":"https:\/\/imprimeideas.es\/en\/wp-json\/wp\/v2\/types\/product"}],"replies":[{"embeddable":true,"href":"https:\/\/imprimeideas.es\/en\/wp-json\/wp\/v2\/comments?post=52337"}],"version-history":[{"count":1,"href":"https:\/\/imprimeideas.es\/en\/wp-json\/wp\/v2\/product\/52337\/revisions"}],"predecessor-version":[{"id":58451,"href":"https:\/\/imprimeideas.es\/en\/wp-json\/wp\/v2\/product\/52337\/revisions\/58451"}],"wp:featuredmedia":[{"embeddable":true,"href":"https:\/\/imprimeideas.es\/en\/wp-json\/wp\/v2\/media\/67339"}],"wp:attachment":[{"href":"https:\/\/imprimeideas.es\/en\/wp-json\/wp\/v2\/media?parent=52337"}],"wp:term":[{"taxonomy":"product_brand","embeddable":true,"href":"https:\/\/imprimeideas.es\/en\/wp-json\/wp\/v2\/product_brand?post=52337"},{"taxonomy":"product_cat","embeddable":true,"href":"https:\/\/imprimeideas.es\/en\/wp-json\/wp\/v2\/product_cat?post=52337"},{"taxonomy":"product_tag","embeddable":true,"href":"https:\/\/imprimeideas.es\/en\/wp-json\/wp\/v2\/product_tag?post=52337"}],"curies":[{"name":"wp","href":"https:\/\/api.w.org\/{rel}","templated":true}]}}