{"id":52335,"date":"2026-02-24T12:46:43","date_gmt":"2026-02-24T11:46:43","guid":{"rendered":"https:\/\/imprimeideas.es\/?post_type=product&p=52335"},"modified":"2026-02-26T18:08:21","modified_gmt":"2026-02-26T17:08:21","slug":"puzzle-moranex","status":"publish","type":"product","link":"https:\/\/imprimeideas.es\/en\/product\/puzzle-moranex\/","title":{"rendered":"Puzzle Moranex"},"content":{"rendered":"<p>Puzzle con piezas de madera para despertar el ingenio y habilidad de los m\u00e1s peque\u00f1os. En bolsita de algod\u00f3n con cuerdas ajustables para cierre.<\/p>","protected":false},"excerpt":{"rendered":"<p>7 Piezas. Funda Algod\u00f3n<\/p>","protected":false},"featured_media":58855,"comment_status":"open","ping_status":"open","template":"","meta":{"inline_featured_image":false},"product_brand":[],"product_cat":[108],"product_tag":[],"class_list":{"0":"post-52335","1":"product","2":"type-product","3":"status-publish","4":"has-post-thumbnail","6":"product_cat-infantil","8":"first","9":"instock","10":"taxable","11":"shipping-taxable","12":"purchasable","13":"product-type-variable","14":"has-default-attributes"},"aioseo_notices":[],"_links":{"self":[{"href":"https:\/\/imprimeideas.es\/en\/wp-json\/wp\/v2\/product\/52335","targetHints":{"allow":["GET"]}}],"collection":[{"href":"https:\/\/imprimeideas.es\/en\/wp-json\/wp\/v2\/product"}],"about":[{"href":"https:\/\/imprimeideas.es\/en\/wp-json\/wp\/v2\/types\/product"}],"replies":[{"embeddable":true,"href":"https:\/\/imprimeideas.es\/en\/wp-json\/wp\/v2\/comments?post=52335"}],"version-history":[{"count":1,"href":"https:\/\/imprimeideas.es\/en\/wp-json\/wp\/v2\/product\/52335\/revisions"}],"predecessor-version":[{"id":58394,"href":"https:\/\/imprimeideas.es\/en\/wp-json\/wp\/v2\/product\/52335\/revisions\/58394"}],"wp:featuredmedia":[{"embeddable":true,"href":"https:\/\/imprimeideas.es\/en\/wp-json\/wp\/v2\/media\/58855"}],"wp:attachment":[{"href":"https:\/\/imprimeideas.es\/en\/wp-json\/wp\/v2\/media?parent=52335"}],"wp:term":[{"taxonomy":"product_brand","embeddable":true,"href":"https:\/\/imprimeideas.es\/en\/wp-json\/wp\/v2\/product_brand?post=52335"},{"taxonomy":"product_cat","embeddable":true,"href":"https:\/\/imprimeideas.es\/en\/wp-json\/wp\/v2\/product_cat?post=52335"},{"taxonomy":"product_tag","embeddable":true,"href":"https:\/\/imprimeideas.es\/en\/wp-json\/wp\/v2\/product_tag?post=52335"}],"curies":[{"name":"wp","href":"https:\/\/api.w.org\/{rel}","templated":true}]}}