{"id":52331,"date":"2026-02-24T12:46:42","date_gmt":"2026-02-24T11:46:42","guid":{"rendered":"https:\/\/imprimeideas.es\/?post_type=product&p=52331"},"modified":"2026-02-26T18:08:15","modified_gmt":"2026-02-26T17:08:15","slug":"llavero-kendra","status":"publish","type":"product","link":"https:\/\/imprimeideas.es\/en\/product\/llavero-kendra\/","title":{"rendered":"Llavero Kendra"},"content":{"rendered":"<p>Cl\u00e1sico llavero con cinta de poli\u00e9ster y accesorios met\u00e1licos en acabado de metal envejecido.<\/p>","protected":false},"excerpt":{"rendered":"<p>Cl\u00e1sico llavero con cinta de poli\u00e9ster y accesorios met\u00e1licos en acabado de metal envejecido.<\/p>","protected":false},"featured_media":62571,"comment_status":"open","ping_status":"open","template":"","meta":{"inline_featured_image":false},"product_brand":[],"product_cat":[2157,106],"product_tag":[],"class_list":{"0":"post-52331","1":"product","2":"type-product","3":"status-publish","4":"has-post-thumbnail","6":"product_cat-novedades","7":"product_cat-regalos-y-premiums","9":"first","10":"outofstock","11":"taxable","12":"shipping-taxable","13":"purchasable","14":"product-type-variable","15":"has-default-attributes"},"aioseo_notices":[],"_links":{"self":[{"href":"https:\/\/imprimeideas.es\/en\/wp-json\/wp\/v2\/product\/52331","targetHints":{"allow":["GET"]}}],"collection":[{"href":"https:\/\/imprimeideas.es\/en\/wp-json\/wp\/v2\/product"}],"about":[{"href":"https:\/\/imprimeideas.es\/en\/wp-json\/wp\/v2\/types\/product"}],"replies":[{"embeddable":true,"href":"https:\/\/imprimeideas.es\/en\/wp-json\/wp\/v2\/comments?post=52331"}],"version-history":[{"count":1,"href":"https:\/\/imprimeideas.es\/en\/wp-json\/wp\/v2\/product\/52331\/revisions"}],"predecessor-version":[{"id":58409,"href":"https:\/\/imprimeideas.es\/en\/wp-json\/wp\/v2\/product\/52331\/revisions\/58409"}],"wp:featuredmedia":[{"embeddable":true,"href":"https:\/\/imprimeideas.es\/en\/wp-json\/wp\/v2\/media\/62571"}],"wp:attachment":[{"href":"https:\/\/imprimeideas.es\/en\/wp-json\/wp\/v2\/media?parent=52331"}],"wp:term":[{"taxonomy":"product_brand","embeddable":true,"href":"https:\/\/imprimeideas.es\/en\/wp-json\/wp\/v2\/product_brand?post=52331"},{"taxonomy":"product_cat","embeddable":true,"href":"https:\/\/imprimeideas.es\/en\/wp-json\/wp\/v2\/product_cat?post=52331"},{"taxonomy":"product_tag","embeddable":true,"href":"https:\/\/imprimeideas.es\/en\/wp-json\/wp\/v2\/product_tag?post=52331"}],"curies":[{"name":"wp","href":"https:\/\/api.w.org\/{rel}","templated":true}]}}