{"id":52325,"date":"2026-02-24T12:46:41","date_gmt":"2026-02-24T11:46:41","guid":{"rendered":"https:\/\/imprimeideas.es\/?post_type=product&p=52325"},"modified":"2026-02-26T18:08:16","modified_gmt":"2026-02-26T17:08:16","slug":"cable-cargador-multifuncion-dintry","status":"publish","type":"product","link":"https:\/\/imprimeideas.es\/en\/product\/cable-cargador-multifuncion-dintry\/","title":{"rendered":"Cable Cargador Multifunci\u00f3n Dintry"},"content":{"rendered":"<p>Cable Cargador llavero en ABS. Con soporte retr\u00e1ctil en la base para smartphone. Incluye dos entradas de tipo C para funci\u00f3n de carga con potencia m\u00e1xima 60W.<\/p>","protected":false},"excerpt":{"rendered":"<p>Conexi\u00f3n Tipo C PD 60W<\/p>","protected":false},"featured_media":86387,"comment_status":"open","ping_status":"open","template":"","meta":{"inline_featured_image":false},"product_brand":[],"product_cat":[2157,106,95],"product_tag":[],"class_list":{"0":"post-52325","1":"product","2":"type-product","3":"status-publish","4":"has-post-thumbnail","6":"product_cat-novedades","7":"product_cat-regalos-y-premiums","8":"product_cat-tecnologia-y-accesorios","10":"first","11":"instock","12":"taxable","13":"shipping-taxable","14":"purchasable","15":"product-type-variable","16":"has-default-attributes"},"aioseo_notices":[],"_links":{"self":[{"href":"https:\/\/imprimeideas.es\/en\/wp-json\/wp\/v2\/product\/52325","targetHints":{"allow":["GET"]}}],"collection":[{"href":"https:\/\/imprimeideas.es\/en\/wp-json\/wp\/v2\/product"}],"about":[{"href":"https:\/\/imprimeideas.es\/en\/wp-json\/wp\/v2\/types\/product"}],"replies":[{"embeddable":true,"href":"https:\/\/imprimeideas.es\/en\/wp-json\/wp\/v2\/comments?post=52325"}],"version-history":[{"count":1,"href":"https:\/\/imprimeideas.es\/en\/wp-json\/wp\/v2\/product\/52325\/revisions"}],"predecessor-version":[{"id":58478,"href":"https:\/\/imprimeideas.es\/en\/wp-json\/wp\/v2\/product\/52325\/revisions\/58478"}],"wp:featuredmedia":[{"embeddable":true,"href":"https:\/\/imprimeideas.es\/en\/wp-json\/wp\/v2\/media\/86387"}],"wp:attachment":[{"href":"https:\/\/imprimeideas.es\/en\/wp-json\/wp\/v2\/media?parent=52325"}],"wp:term":[{"taxonomy":"product_brand","embeddable":true,"href":"https:\/\/imprimeideas.es\/en\/wp-json\/wp\/v2\/product_brand?post=52325"},{"taxonomy":"product_cat","embeddable":true,"href":"https:\/\/imprimeideas.es\/en\/wp-json\/wp\/v2\/product_cat?post=52325"},{"taxonomy":"product_tag","embeddable":true,"href":"https:\/\/imprimeideas.es\/en\/wp-json\/wp\/v2\/product_tag?post=52325"}],"curies":[{"name":"wp","href":"https:\/\/api.w.org\/{rel}","templated":true}]}}