{"id":52323,"date":"2026-02-24T12:46:41","date_gmt":"2026-02-24T11:46:41","guid":{"rendered":"https:\/\/imprimeideas.es\/?post_type=product&p=52323"},"modified":"2026-02-26T18:08:21","modified_gmt":"2026-02-26T17:08:21","slug":"silbato-supervivencia-palorix","status":"publish","type":"product","link":"https:\/\/imprimeideas.es\/en\/product\/silbato-supervivencia-palorix\/","title":{"rendered":"Silbato Supervivencia Palorix"},"content":{"rendered":"<p>Silbato de supervivencia fabricado en resistente ABS con acabado gomoso. Integra 6 funciones esenciales:- Br\u00fajula de 2,55 cm de di\u00e1metro, con indicaciones de Norte, Sur, Este y Oeste.- Silbato de alta potencia, ideal para emitir se\u00f1ales de emergencia.- Term\u00f3metro con rango de temperaturas de -20 \u00baC a 50 \u00baC.- Lupa de 2 cm de di\u00e1metro, perfecta para observar detalles peque\u00f1os o incluso para encender fuego mediante concentraci\u00f3n de luz solar.- Espejo, incorporado en la parte inferior de la br\u00fajula.- Linterna con 2 LEDs y bot\u00f3n de encendido\/apagado en la parte superior.Incluye un pr\u00e1ctico cord\u00f3n para facilitar su transporte, ideal para llevarlo c\u00f3modamente colgado al cuello.<\/p>","protected":false},"excerpt":{"rendered":"<p>2 Ledes. 6 Funciones. Pilas Bot\u00f3n Incluidas<\/p>","protected":false},"featured_media":53904,"comment_status":"open","ping_status":"open","template":"","meta":{"inline_featured_image":false},"product_brand":[],"product_cat":[2157,101],"product_tag":[],"class_list":{"0":"post-52323","1":"product","2":"type-product","3":"status-publish","4":"has-post-thumbnail","6":"product_cat-novedades","7":"product_cat-deporte-y-aventura","9":"first","10":"instock","11":"taxable","12":"shipping-taxable","13":"purchasable","14":"product-type-variable","15":"has-default-attributes"},"aioseo_notices":[],"_links":{"self":[{"href":"https:\/\/imprimeideas.es\/en\/wp-json\/wp\/v2\/product\/52323","targetHints":{"allow":["GET"]}}],"collection":[{"href":"https:\/\/imprimeideas.es\/en\/wp-json\/wp\/v2\/product"}],"about":[{"href":"https:\/\/imprimeideas.es\/en\/wp-json\/wp\/v2\/types\/product"}],"replies":[{"embeddable":true,"href":"https:\/\/imprimeideas.es\/en\/wp-json\/wp\/v2\/comments?post=52323"}],"version-history":[{"count":1,"href":"https:\/\/imprimeideas.es\/en\/wp-json\/wp\/v2\/product\/52323\/revisions"}],"predecessor-version":[{"id":58396,"href":"https:\/\/imprimeideas.es\/en\/wp-json\/wp\/v2\/product\/52323\/revisions\/58396"}],"wp:featuredmedia":[{"embeddable":true,"href":"https:\/\/imprimeideas.es\/en\/wp-json\/wp\/v2\/media\/53904"}],"wp:attachment":[{"href":"https:\/\/imprimeideas.es\/en\/wp-json\/wp\/v2\/media?parent=52323"}],"wp:term":[{"taxonomy":"product_brand","embeddable":true,"href":"https:\/\/imprimeideas.es\/en\/wp-json\/wp\/v2\/product_brand?post=52323"},{"taxonomy":"product_cat","embeddable":true,"href":"https:\/\/imprimeideas.es\/en\/wp-json\/wp\/v2\/product_cat?post=52323"},{"taxonomy":"product_tag","embeddable":true,"href":"https:\/\/imprimeideas.es\/en\/wp-json\/wp\/v2\/product_tag?post=52323"}],"curies":[{"name":"wp","href":"https:\/\/api.w.org\/{rel}","templated":true}]}}