{"id":52300,"date":"2026-02-24T12:46:37","date_gmt":"2026-02-24T11:46:37","guid":{"rendered":"https:\/\/imprimeideas.es\/?post_type=product&p=52300"},"modified":"2026-02-26T18:08:19","modified_gmt":"2026-02-26T17:08:19","slug":"cinta-cabeza-sajun","status":"publish","type":"product","link":"https:\/\/imprimeideas.es\/en\/product\/cinta-cabeza-sajun\/","title":{"rendered":"Cinta Cabeza Sajun"},"content":{"rendered":"<p>Cinta de cabeza el\u00e1stica en alta calidad, fabricada principalmente en material poliester elast\u00e1no. Incluye un parche en el centro ideal para personalizar. Dise\u00f1ada para actividades deportivas y de ocio.<\/p>","protected":false},"excerpt":{"rendered":"<p>Cinta de cabeza el\u00e1stica en alta calidad, fabricada principalmente en material poliester elast\u00e1no. Incluye un parche en el centro ideal<\/p>","protected":false},"featured_media":69832,"comment_status":"open","ping_status":"open","template":"","meta":{"inline_featured_image":false},"product_brand":[],"product_cat":[101],"product_tag":[],"class_list":{"0":"post-52300","1":"product","2":"type-product","3":"status-publish","4":"has-post-thumbnail","6":"product_cat-deporte-y-aventura","8":"first","9":"outofstock","10":"taxable","11":"shipping-taxable","12":"purchasable","13":"product-type-variable","14":"has-default-attributes"},"aioseo_notices":[],"_links":{"self":[{"href":"https:\/\/imprimeideas.es\/en\/wp-json\/wp\/v2\/product\/52300","targetHints":{"allow":["GET"]}}],"collection":[{"href":"https:\/\/imprimeideas.es\/en\/wp-json\/wp\/v2\/product"}],"about":[{"href":"https:\/\/imprimeideas.es\/en\/wp-json\/wp\/v2\/types\/product"}],"replies":[{"embeddable":true,"href":"https:\/\/imprimeideas.es\/en\/wp-json\/wp\/v2\/comments?post=52300"}],"version-history":[{"count":1,"href":"https:\/\/imprimeideas.es\/en\/wp-json\/wp\/v2\/product\/52300\/revisions"}],"predecessor-version":[{"id":58364,"href":"https:\/\/imprimeideas.es\/en\/wp-json\/wp\/v2\/product\/52300\/revisions\/58364"}],"wp:featuredmedia":[{"embeddable":true,"href":"https:\/\/imprimeideas.es\/en\/wp-json\/wp\/v2\/media\/69832"}],"wp:attachment":[{"href":"https:\/\/imprimeideas.es\/en\/wp-json\/wp\/v2\/media?parent=52300"}],"wp:term":[{"taxonomy":"product_brand","embeddable":true,"href":"https:\/\/imprimeideas.es\/en\/wp-json\/wp\/v2\/product_brand?post=52300"},{"taxonomy":"product_cat","embeddable":true,"href":"https:\/\/imprimeideas.es\/en\/wp-json\/wp\/v2\/product_cat?post=52300"},{"taxonomy":"product_tag","embeddable":true,"href":"https:\/\/imprimeideas.es\/en\/wp-json\/wp\/v2\/product_tag?post=52300"}],"curies":[{"name":"wp","href":"https:\/\/api.w.org\/{rel}","templated":true}]}}