{"id":52287,"date":"2026-02-24T12:46:35","date_gmt":"2026-02-24T11:46:35","guid":{"rendered":"https:\/\/imprimeideas.es\/?post_type=product&p=52287"},"modified":"2026-02-26T18:32:47","modified_gmt":"2026-02-26T17:32:47","slug":"cable-cargador-soporte-witan","status":"publish","type":"product","link":"https:\/\/imprimeideas.es\/en\/product\/cable-cargador-soporte-witan\/","title":{"rendered":"Cable Cargador Soporte Witan"},"content":{"rendered":"<p>Cable cargador soporte magn\u00e9tico 2 en 1 de 60W, fabricado en ABS reciclado (RABS). Dise\u00f1ado para la carga simult\u00e1nea del smartphone a trav\u00e9s del soporte magn\u00e9tico y mediante cable. Cuenta con soporte plegable con ajuste de posici\u00f3n. Cable retr\u00e1ctil de 80 cm con funci\u00f3n de carga y transferencia de datos compatible con dispositivos que cuenten con entrada USB-C.<\/p>","protected":false},"excerpt":{"rendered":"<p>Magn\u00e9tico. Apto para transferir datos. Cable Extensible. Conexi\u00f3n Tipo C PD 60W<\/p>","protected":false},"featured_media":63944,"comment_status":"open","ping_status":"open","template":"","meta":{"inline_featured_image":false},"product_brand":[],"product_cat":[2157,95],"product_tag":[],"class_list":{"0":"post-52287","1":"product","2":"type-product","3":"status-publish","4":"has-post-thumbnail","6":"product_cat-novedades","7":"product_cat-tecnologia-y-accesorios","9":"first","10":"instock","11":"taxable","12":"shipping-taxable","13":"purchasable","14":"product-type-variable","15":"has-default-attributes"},"aioseo_notices":[],"_links":{"self":[{"href":"https:\/\/imprimeideas.es\/en\/wp-json\/wp\/v2\/product\/52287","targetHints":{"allow":["GET"]}}],"collection":[{"href":"https:\/\/imprimeideas.es\/en\/wp-json\/wp\/v2\/product"}],"about":[{"href":"https:\/\/imprimeideas.es\/en\/wp-json\/wp\/v2\/types\/product"}],"replies":[{"embeddable":true,"href":"https:\/\/imprimeideas.es\/en\/wp-json\/wp\/v2\/comments?post=52287"}],"version-history":[{"count":1,"href":"https:\/\/imprimeideas.es\/en\/wp-json\/wp\/v2\/product\/52287\/revisions"}],"predecessor-version":[{"id":58412,"href":"https:\/\/imprimeideas.es\/en\/wp-json\/wp\/v2\/product\/52287\/revisions\/58412"}],"wp:featuredmedia":[{"embeddable":true,"href":"https:\/\/imprimeideas.es\/en\/wp-json\/wp\/v2\/media\/63944"}],"wp:attachment":[{"href":"https:\/\/imprimeideas.es\/en\/wp-json\/wp\/v2\/media?parent=52287"}],"wp:term":[{"taxonomy":"product_brand","embeddable":true,"href":"https:\/\/imprimeideas.es\/en\/wp-json\/wp\/v2\/product_brand?post=52287"},{"taxonomy":"product_cat","embeddable":true,"href":"https:\/\/imprimeideas.es\/en\/wp-json\/wp\/v2\/product_cat?post=52287"},{"taxonomy":"product_tag","embeddable":true,"href":"https:\/\/imprimeideas.es\/en\/wp-json\/wp\/v2\/product_tag?post=52287"}],"curies":[{"name":"wp","href":"https:\/\/api.w.org\/{rel}","templated":true}]}}