{"id":52270,"date":"2026-02-24T12:46:33","date_gmt":"2026-02-24T11:46:33","guid":{"rendered":"https:\/\/imprimeideas.es\/?post_type=product&p=52270"},"modified":"2026-02-26T18:08:21","modified_gmt":"2026-02-26T17:08:21","slug":"set-cables-cargadores-darmox","status":"publish","type":"product","link":"https:\/\/imprimeideas.es\/en\/product\/set-cables-cargadores-darmox\/","title":{"rendered":"Set Cables Cargadores Darmox"},"content":{"rendered":"<p>Sets de cables cargadores para tu smartphone fabricado en ABS reciclado (RABS). Cuenta con un cable retr\u00e1ctil de 100 cm de carga r\u00e1pida y transferencia de datos USB-C de 100 W, junto con un adaptador USB-A y un adaptador microUSB\/Lightning 2 en 1. El RABS es un pl\u00e1stico altamente reciclable de gran resistencia y con multitud de aplicaciones que lo convierten en una soluci\u00f3n eco-friendly. En el interior, encontrar\u00e1s un expulsor de la tarjeta SIM, almacenamiento para una nano SIM y una tarjeta SIM, y un soporte para tel\u00e9fono integrado, perfecto para ver v\u00eddeos o hacer videollamadas. F\u00e1cil de transportar gracias a su dise\u00f1o compacto.<\/p>","protected":false},"excerpt":{"rendered":"<p>Apto para transferir datos. Cable Extensible. Conexi\u00f3n Micro USB, Tipo C y Lightning PD 100W. Eyector de SIM Incluido<\/p>","protected":false},"featured_media":81537,"comment_status":"open","ping_status":"open","template":"","meta":{"inline_featured_image":false},"product_brand":[],"product_cat":[2157,95],"product_tag":[],"class_list":{"0":"post-52270","1":"product","2":"type-product","3":"status-publish","4":"has-post-thumbnail","6":"product_cat-novedades","7":"product_cat-tecnologia-y-accesorios","9":"first","10":"instock","11":"taxable","12":"shipping-taxable","13":"purchasable","14":"product-type-variable","15":"has-default-attributes"},"aioseo_notices":[],"_links":{"self":[{"href":"https:\/\/imprimeideas.es\/en\/wp-json\/wp\/v2\/product\/52270","targetHints":{"allow":["GET"]}}],"collection":[{"href":"https:\/\/imprimeideas.es\/en\/wp-json\/wp\/v2\/product"}],"about":[{"href":"https:\/\/imprimeideas.es\/en\/wp-json\/wp\/v2\/types\/product"}],"replies":[{"embeddable":true,"href":"https:\/\/imprimeideas.es\/en\/wp-json\/wp\/v2\/comments?post=52270"}],"version-history":[{"count":1,"href":"https:\/\/imprimeideas.es\/en\/wp-json\/wp\/v2\/product\/52270\/revisions"}],"predecessor-version":[{"id":58413,"href":"https:\/\/imprimeideas.es\/en\/wp-json\/wp\/v2\/product\/52270\/revisions\/58413"}],"wp:featuredmedia":[{"embeddable":true,"href":"https:\/\/imprimeideas.es\/en\/wp-json\/wp\/v2\/media\/81537"}],"wp:attachment":[{"href":"https:\/\/imprimeideas.es\/en\/wp-json\/wp\/v2\/media?parent=52270"}],"wp:term":[{"taxonomy":"product_brand","embeddable":true,"href":"https:\/\/imprimeideas.es\/en\/wp-json\/wp\/v2\/product_brand?post=52270"},{"taxonomy":"product_cat","embeddable":true,"href":"https:\/\/imprimeideas.es\/en\/wp-json\/wp\/v2\/product_cat?post=52270"},{"taxonomy":"product_tag","embeddable":true,"href":"https:\/\/imprimeideas.es\/en\/wp-json\/wp\/v2\/product_tag?post=52270"}],"curies":[{"name":"wp","href":"https:\/\/api.w.org\/{rel}","templated":true}]}}