{"id":52261,"date":"2026-02-24T12:46:32","date_gmt":"2026-02-24T11:46:32","guid":{"rendered":"https:\/\/imprimeideas.es\/?post_type=product&p=52261"},"modified":"2026-02-26T18:08:16","modified_gmt":"2026-02-26T17:08:16","slug":"gorra-xodar","status":"publish","type":"product","link":"https:\/\/imprimeideas.es\/en\/product\/gorra-xodar\/","title":{"rendered":"Gorra Xodar"},"content":{"rendered":"<p>Gorra de 5 paneles en suave poli\u00e9ster con linterna extraible. Ajustable cierre de velcro y orificios de ventilaci\u00f3n bordados. Linterna con 4 LEDs e intensidad regulable con tres intensidades y bot\u00f3n en el frontal de encendido y apagado. Se puede extraer para cargar a trav\u00e9s de USB. Bater\u00eda de 200 mAh. Ideal para actividades al aire libre.<\/p>","protected":false},"excerpt":{"rendered":"<p>5 Paneles. Cierre Velcro. 4 Luces COB. 3 Posiciones de Luz. Bater\u00eda 200 mAh<\/p>","protected":false},"featured_media":77420,"comment_status":"open","ping_status":"open","template":"","meta":{"inline_featured_image":false},"product_brand":[],"product_cat":[2157,101,112],"product_tag":[],"class_list":{"0":"post-52261","1":"product","2":"type-product","3":"status-publish","4":"has-post-thumbnail","6":"product_cat-novedades","7":"product_cat-deporte-y-aventura","8":"product_cat-gorras-y-sombreros","10":"first","11":"instock","12":"taxable","13":"shipping-taxable","14":"purchasable","15":"product-type-variable","16":"has-default-attributes"},"aioseo_notices":[],"_links":{"self":[{"href":"https:\/\/imprimeideas.es\/en\/wp-json\/wp\/v2\/product\/52261","targetHints":{"allow":["GET"]}}],"collection":[{"href":"https:\/\/imprimeideas.es\/en\/wp-json\/wp\/v2\/product"}],"about":[{"href":"https:\/\/imprimeideas.es\/en\/wp-json\/wp\/v2\/types\/product"}],"replies":[{"embeddable":true,"href":"https:\/\/imprimeideas.es\/en\/wp-json\/wp\/v2\/comments?post=52261"}],"version-history":[{"count":1,"href":"https:\/\/imprimeideas.es\/en\/wp-json\/wp\/v2\/product\/52261\/revisions"}],"predecessor-version":[{"id":58438,"href":"https:\/\/imprimeideas.es\/en\/wp-json\/wp\/v2\/product\/52261\/revisions\/58438"}],"wp:featuredmedia":[{"embeddable":true,"href":"https:\/\/imprimeideas.es\/en\/wp-json\/wp\/v2\/media\/77420"}],"wp:attachment":[{"href":"https:\/\/imprimeideas.es\/en\/wp-json\/wp\/v2\/media?parent=52261"}],"wp:term":[{"taxonomy":"product_brand","embeddable":true,"href":"https:\/\/imprimeideas.es\/en\/wp-json\/wp\/v2\/product_brand?post=52261"},{"taxonomy":"product_cat","embeddable":true,"href":"https:\/\/imprimeideas.es\/en\/wp-json\/wp\/v2\/product_cat?post=52261"},{"taxonomy":"product_tag","embeddable":true,"href":"https:\/\/imprimeideas.es\/en\/wp-json\/wp\/v2\/product_tag?post=52261"}],"curies":[{"name":"wp","href":"https:\/\/api.w.org\/{rel}","templated":true}]}}