{"id":52244,"date":"2026-02-24T12:46:29","date_gmt":"2026-02-24T11:46:29","guid":{"rendered":"https:\/\/imprimeideas.es\/?post_type=product&p=52244"},"modified":"2026-02-26T18:08:17","modified_gmt":"2026-02-26T17:08:17","slug":"gorra-malcers","status":"publish","type":"product","link":"https:\/\/imprimeideas.es\/en\/product\/gorra-malcers\/","title":{"rendered":"Gorra Malcers"},"content":{"rendered":"<p>Gorra de 5 paneles de acabado efecto lavado. Fabricada principalmente en suave algod\u00f3n, parte trasera en tejido de malla en mismo color. Ideal para  el d\u00eda a d\u00eda gracias a su pr\u00e1ctica transpiraci\u00f3n. Con cierre pl\u00e1stico trasero ajustable.<\/p>","protected":false},"excerpt":{"rendered":"<p>5 Paneles. Cierre Pl\u00e1stico<\/p>","protected":false},"featured_media":70066,"comment_status":"open","ping_status":"open","template":"","meta":{"inline_featured_image":false},"product_brand":[],"product_cat":[2157,112],"product_tag":[],"class_list":{"0":"post-52244","1":"product","2":"type-product","3":"status-publish","4":"has-post-thumbnail","6":"product_cat-novedades","7":"product_cat-gorras-y-sombreros","9":"first","10":"instock","11":"taxable","12":"shipping-taxable","13":"purchasable","14":"product-type-variable","15":"has-default-attributes"},"aioseo_notices":[],"_links":{"self":[{"href":"https:\/\/imprimeideas.es\/en\/wp-json\/wp\/v2\/product\/52244","targetHints":{"allow":["GET"]}}],"collection":[{"href":"https:\/\/imprimeideas.es\/en\/wp-json\/wp\/v2\/product"}],"about":[{"href":"https:\/\/imprimeideas.es\/en\/wp-json\/wp\/v2\/types\/product"}],"replies":[{"embeddable":true,"href":"https:\/\/imprimeideas.es\/en\/wp-json\/wp\/v2\/comments?post=52244"}],"version-history":[{"count":1,"href":"https:\/\/imprimeideas.es\/en\/wp-json\/wp\/v2\/product\/52244\/revisions"}],"predecessor-version":[{"id":58370,"href":"https:\/\/imprimeideas.es\/en\/wp-json\/wp\/v2\/product\/52244\/revisions\/58370"}],"wp:featuredmedia":[{"embeddable":true,"href":"https:\/\/imprimeideas.es\/en\/wp-json\/wp\/v2\/media\/70066"}],"wp:attachment":[{"href":"https:\/\/imprimeideas.es\/en\/wp-json\/wp\/v2\/media?parent=52244"}],"wp:term":[{"taxonomy":"product_brand","embeddable":true,"href":"https:\/\/imprimeideas.es\/en\/wp-json\/wp\/v2\/product_brand?post=52244"},{"taxonomy":"product_cat","embeddable":true,"href":"https:\/\/imprimeideas.es\/en\/wp-json\/wp\/v2\/product_cat?post=52244"},{"taxonomy":"product_tag","embeddable":true,"href":"https:\/\/imprimeideas.es\/en\/wp-json\/wp\/v2\/product_tag?post=52244"}],"curies":[{"name":"wp","href":"https:\/\/api.w.org\/{rel}","templated":true}]}}