{"id":52223,"date":"2026-02-24T12:46:26","date_gmt":"2026-02-24T11:46:26","guid":{"rendered":"https:\/\/imprimeideas.es\/?post_type=product&p=52223"},"modified":"2026-02-26T18:28:07","modified_gmt":"2026-02-26T17:28:07","slug":"set-jarnal","status":"publish","type":"product","link":"https:\/\/imprimeideas.es\/en\/product\/set-jarnal\/","title":{"rendered":"Set Jarnal"},"content":{"rendered":"<p>Set creativo de raqueta de madera con pelota, ideal para colorear y jugar.Incluye divertidos dibujos en el frontal para personalizar con las 5 ceras de colores incluidas. La pelota est\u00e1 unida a la raqueta mediante un cord\u00f3n el\u00e1stico, perfecto para disfrutar del juego mientras desarrollas la creatividad.<\/p>","protected":false},"excerpt":{"rendered":"<p>5 Ceras Incluidas<\/p>","protected":false},"featured_media":79426,"comment_status":"open","ping_status":"open","template":"","meta":{"inline_featured_image":false},"product_brand":[],"product_cat":[2157,108,114],"product_tag":[],"class_list":{"0":"post-52223","1":"product","2":"type-product","3":"status-publish","4":"has-post-thumbnail","6":"product_cat-novedades","7":"product_cat-infantil","8":"product_cat-verano-y-playa","10":"first","11":"instock","12":"taxable","13":"shipping-taxable","14":"purchasable","15":"product-type-variable","16":"has-default-attributes"},"aioseo_notices":[],"_links":{"self":[{"href":"https:\/\/imprimeideas.es\/en\/wp-json\/wp\/v2\/product\/52223","targetHints":{"allow":["GET"]}}],"collection":[{"href":"https:\/\/imprimeideas.es\/en\/wp-json\/wp\/v2\/product"}],"about":[{"href":"https:\/\/imprimeideas.es\/en\/wp-json\/wp\/v2\/types\/product"}],"replies":[{"embeddable":true,"href":"https:\/\/imprimeideas.es\/en\/wp-json\/wp\/v2\/comments?post=52223"}],"version-history":[{"count":1,"href":"https:\/\/imprimeideas.es\/en\/wp-json\/wp\/v2\/product\/52223\/revisions"}],"predecessor-version":[{"id":58334,"href":"https:\/\/imprimeideas.es\/en\/wp-json\/wp\/v2\/product\/52223\/revisions\/58334"}],"wp:featuredmedia":[{"embeddable":true,"href":"https:\/\/imprimeideas.es\/en\/wp-json\/wp\/v2\/media\/79426"}],"wp:attachment":[{"href":"https:\/\/imprimeideas.es\/en\/wp-json\/wp\/v2\/media?parent=52223"}],"wp:term":[{"taxonomy":"product_brand","embeddable":true,"href":"https:\/\/imprimeideas.es\/en\/wp-json\/wp\/v2\/product_brand?post=52223"},{"taxonomy":"product_cat","embeddable":true,"href":"https:\/\/imprimeideas.es\/en\/wp-json\/wp\/v2\/product_cat?post=52223"},{"taxonomy":"product_tag","embeddable":true,"href":"https:\/\/imprimeideas.es\/en\/wp-json\/wp\/v2\/product_tag?post=52223"}],"curies":[{"name":"wp","href":"https:\/\/api.w.org\/{rel}","templated":true}]}}