{"id":52215,"date":"2026-02-24T12:46:25","date_gmt":"2026-02-24T11:46:25","guid":{"rendered":"https:\/\/imprimeideas.es\/?post_type=product&p=52215"},"modified":"2026-02-26T18:08:18","modified_gmt":"2026-02-26T17:08:18","slug":"set-foract","status":"publish","type":"product","link":"https:\/\/imprimeideas.es\/en\/product\/set-foract\/","title":{"rendered":"Set Foract"},"content":{"rendered":"<p>Set compuesto por un bol\u00edgrafo de tinta azul y un l\u00e1piz eterno, fabricados en Aluminio Reciclado. El l\u00e1piz eterno ofrece escritura continua, evitando generar residuos. Ambos cuentan con mecanismo pulsador. Dise\u00f1ados con clip a juego y detalles cromados. Presentados en estuche de cart\u00f3n reciclado de color negro. Con distintivo de AL Recycled impreso.<\/p>","protected":false},"excerpt":{"rendered":"<p>Bol\u00edgrafo y L\u00e1piz Eterno<\/p>","protected":false},"featured_media":73442,"comment_status":"open","ping_status":"open","template":"","meta":{"inline_featured_image":false},"product_brand":[],"product_cat":[2157,100],"product_tag":[],"class_list":{"0":"post-52215","1":"product","2":"type-product","3":"status-publish","4":"has-post-thumbnail","6":"product_cat-novedades","7":"product_cat-escritura","9":"first","10":"instock","11":"taxable","12":"shipping-taxable","13":"purchasable","14":"product-type-variable","15":"has-default-attributes"},"aioseo_notices":[],"_links":{"self":[{"href":"https:\/\/imprimeideas.es\/en\/wp-json\/wp\/v2\/product\/52215","targetHints":{"allow":["GET"]}}],"collection":[{"href":"https:\/\/imprimeideas.es\/en\/wp-json\/wp\/v2\/product"}],"about":[{"href":"https:\/\/imprimeideas.es\/en\/wp-json\/wp\/v2\/types\/product"}],"replies":[{"embeddable":true,"href":"https:\/\/imprimeideas.es\/en\/wp-json\/wp\/v2\/comments?post=52215"}],"version-history":[{"count":1,"href":"https:\/\/imprimeideas.es\/en\/wp-json\/wp\/v2\/product\/52215\/revisions"}],"predecessor-version":[{"id":58286,"href":"https:\/\/imprimeideas.es\/en\/wp-json\/wp\/v2\/product\/52215\/revisions\/58286"}],"wp:featuredmedia":[{"embeddable":true,"href":"https:\/\/imprimeideas.es\/en\/wp-json\/wp\/v2\/media\/73442"}],"wp:attachment":[{"href":"https:\/\/imprimeideas.es\/en\/wp-json\/wp\/v2\/media?parent=52215"}],"wp:term":[{"taxonomy":"product_brand","embeddable":true,"href":"https:\/\/imprimeideas.es\/en\/wp-json\/wp\/v2\/product_brand?post=52215"},{"taxonomy":"product_cat","embeddable":true,"href":"https:\/\/imprimeideas.es\/en\/wp-json\/wp\/v2\/product_cat?post=52215"},{"taxonomy":"product_tag","embeddable":true,"href":"https:\/\/imprimeideas.es\/en\/wp-json\/wp\/v2\/product_tag?post=52215"}],"curies":[{"name":"wp","href":"https:\/\/api.w.org\/{rel}","templated":true}]}}