{"id":52213,"date":"2026-02-24T12:46:25","date_gmt":"2026-02-24T11:46:25","guid":{"rendered":"https:\/\/imprimeideas.es\/?post_type=product&p=52213"},"modified":"2026-02-26T18:08:11","modified_gmt":"2026-02-26T17:08:11","slug":"set-discos-limpieza-facial-dayax","status":"publish","type":"product","link":"https:\/\/imprimeideas.es\/en\/product\/set-discos-limpieza-facial-dayax\/","title":{"rendered":"Set Discos Limpieza Facial Dayax"},"content":{"rendered":"<p>Set de 3 discos  para limpieza facial,  reutilizables y lavables fabricados con fibra de bamb\u00fa y algod\u00f3n, ofrecen una textura suave y natural. Ideales para tu rutina de cuidado personal. Cada set viene en una pr\u00e1ctica bolsa de algod\u00f3n para f\u00e1cil y c\u00f3modo almacenamiento.<\/p>","protected":false},"excerpt":{"rendered":"<p>3 Piezas. Reutilizables. Funda Algod\u00f3n<\/p>","protected":false},"featured_media":75220,"comment_status":"open","ping_status":"open","template":"","meta":{"inline_featured_image":false},"product_brand":[],"product_cat":[107],"product_tag":[],"class_list":{"0":"post-52213","1":"product","2":"type-product","3":"status-publish","4":"has-post-thumbnail","6":"product_cat-cuidado-personal-y-pharma","8":"first","9":"instock","10":"taxable","11":"shipping-taxable","12":"purchasable","13":"product-type-variable","14":"has-default-attributes"},"aioseo_notices":[],"_links":{"self":[{"href":"https:\/\/imprimeideas.es\/en\/wp-json\/wp\/v2\/product\/52213","targetHints":{"allow":["GET"]}}],"collection":[{"href":"https:\/\/imprimeideas.es\/en\/wp-json\/wp\/v2\/product"}],"about":[{"href":"https:\/\/imprimeideas.es\/en\/wp-json\/wp\/v2\/types\/product"}],"replies":[{"embeddable":true,"href":"https:\/\/imprimeideas.es\/en\/wp-json\/wp\/v2\/comments?post=52213"}],"version-history":[{"count":1,"href":"https:\/\/imprimeideas.es\/en\/wp-json\/wp\/v2\/product\/52213\/revisions"}],"predecessor-version":[{"id":58294,"href":"https:\/\/imprimeideas.es\/en\/wp-json\/wp\/v2\/product\/52213\/revisions\/58294"}],"wp:featuredmedia":[{"embeddable":true,"href":"https:\/\/imprimeideas.es\/en\/wp-json\/wp\/v2\/media\/75220"}],"wp:attachment":[{"href":"https:\/\/imprimeideas.es\/en\/wp-json\/wp\/v2\/media?parent=52213"}],"wp:term":[{"taxonomy":"product_brand","embeddable":true,"href":"https:\/\/imprimeideas.es\/en\/wp-json\/wp\/v2\/product_brand?post=52213"},{"taxonomy":"product_cat","embeddable":true,"href":"https:\/\/imprimeideas.es\/en\/wp-json\/wp\/v2\/product_cat?post=52213"},{"taxonomy":"product_tag","embeddable":true,"href":"https:\/\/imprimeideas.es\/en\/wp-json\/wp\/v2\/product_tag?post=52213"}],"curies":[{"name":"wp","href":"https:\/\/api.w.org\/{rel}","templated":true}]}}