{"id":52166,"date":"2026-02-24T12:46:18","date_gmt":"2026-02-24T11:46:18","guid":{"rendered":"https:\/\/imprimeideas.es\/?post_type=product&p=52166"},"modified":"2026-02-26T18:08:12","modified_gmt":"2026-02-26T17:08:12","slug":"linterna-cenox","status":"publish","type":"product","link":"https:\/\/imprimeideas.es\/en\/product\/linterna-cenox\/","title":{"rendered":"Linterna Cenox"},"content":{"rendered":"<p>Linterna frontal con cinta el\u00e1stica ajustable para cabeza, brazo? Con luz LED y 3 posiciones de iluminaci\u00f3n (2 posiciones fijas y 1 posici\u00f3n intermitente). Con bater\u00eda recargable de 400 mAh incorporada y cable de carga incluido de USB-A a USB-C en color negro.<\/p>","protected":false},"excerpt":{"rendered":"<p>1 Led. 3 Posiciones de Luz, Fija e Intermitente. Sensor de Movimiento. Bater\u00eda 400 mAh<\/p>","protected":false},"featured_media":68872,"comment_status":"open","ping_status":"open","template":"","meta":{"inline_featured_image":false},"product_brand":[],"product_cat":[2157,101],"product_tag":[],"class_list":{"0":"post-52166","1":"product","2":"type-product","3":"status-publish","4":"has-post-thumbnail","6":"product_cat-novedades","7":"product_cat-deporte-y-aventura","9":"first","10":"instock","11":"taxable","12":"shipping-taxable","13":"purchasable","14":"product-type-variable","15":"has-default-attributes"},"aioseo_notices":[],"_links":{"self":[{"href":"https:\/\/imprimeideas.es\/en\/wp-json\/wp\/v2\/product\/52166","targetHints":{"allow":["GET"]}}],"collection":[{"href":"https:\/\/imprimeideas.es\/en\/wp-json\/wp\/v2\/product"}],"about":[{"href":"https:\/\/imprimeideas.es\/en\/wp-json\/wp\/v2\/types\/product"}],"replies":[{"embeddable":true,"href":"https:\/\/imprimeideas.es\/en\/wp-json\/wp\/v2\/comments?post=52166"}],"version-history":[{"count":1,"href":"https:\/\/imprimeideas.es\/en\/wp-json\/wp\/v2\/product\/52166\/revisions"}],"predecessor-version":[{"id":58290,"href":"https:\/\/imprimeideas.es\/en\/wp-json\/wp\/v2\/product\/52166\/revisions\/58290"}],"wp:featuredmedia":[{"embeddable":true,"href":"https:\/\/imprimeideas.es\/en\/wp-json\/wp\/v2\/media\/68872"}],"wp:attachment":[{"href":"https:\/\/imprimeideas.es\/en\/wp-json\/wp\/v2\/media?parent=52166"}],"wp:term":[{"taxonomy":"product_brand","embeddable":true,"href":"https:\/\/imprimeideas.es\/en\/wp-json\/wp\/v2\/product_brand?post=52166"},{"taxonomy":"product_cat","embeddable":true,"href":"https:\/\/imprimeideas.es\/en\/wp-json\/wp\/v2\/product_cat?post=52166"},{"taxonomy":"product_tag","embeddable":true,"href":"https:\/\/imprimeideas.es\/en\/wp-json\/wp\/v2\/product_tag?post=52166"}],"curies":[{"name":"wp","href":"https:\/\/api.w.org\/{rel}","templated":true}]}}