{"id":52150,"date":"2026-02-24T12:45:29","date_gmt":"2026-02-24T11:45:29","guid":{"rendered":"https:\/\/imprimeideas.es\/?post_type=product&p=52150"},"modified":"2026-02-26T18:08:16","modified_gmt":"2026-02-26T17:08:16","slug":"ventilador-novarin","status":"publish","type":"product","link":"https:\/\/imprimeideas.es\/en\/product\/ventilador-novarin\/","title":{"rendered":"Ventilador Novarin"},"content":{"rendered":"<p>Ventilador multiposici\u00f3n con rotaci\u00f3n de 360\u00b0, fabricado en ABS de color s\u00f3lido y equipado con im\u00e1n magn\u00e9tico para la sujeci\u00f3n con el m\u00f3vil. Incluye soporte ajustable. En el extremo inferior cuenta con un mosquet\u00f3n y anilla met\u00e1lica. Dispone de 3 velocidades regulables mediante bot\u00f3n, e incorpora cable de carga USB A a USB C en el mismo color, junto con una bater\u00eda de 300 mAh. Dise\u00f1o compacto, funcional y port\u00e1til, ideal para uso personal en exteriores o interiores. Componentes resistentes y ensamblaje magn\u00e9tico para f\u00e1cil plegado y transporte.<\/p>","protected":false},"excerpt":{"rendered":"<p>Magn\u00e9tico. Bater\u00eda 300 mAh<\/p>","protected":false},"featured_media":78213,"comment_status":"open","ping_status":"open","template":"","meta":{"inline_featured_image":false},"product_brand":[],"product_cat":[2157,95,114],"product_tag":[],"class_list":{"0":"post-52150","1":"product","2":"type-product","3":"status-publish","4":"has-post-thumbnail","6":"product_cat-novedades","7":"product_cat-tecnologia-y-accesorios","8":"product_cat-verano-y-playa","10":"first","11":"outofstock","12":"taxable","13":"shipping-taxable","14":"purchasable","15":"product-type-variable","16":"has-default-attributes"},"aioseo_notices":[],"_links":{"self":[{"href":"https:\/\/imprimeideas.es\/en\/wp-json\/wp\/v2\/product\/52150","targetHints":{"allow":["GET"]}}],"collection":[{"href":"https:\/\/imprimeideas.es\/en\/wp-json\/wp\/v2\/product"}],"about":[{"href":"https:\/\/imprimeideas.es\/en\/wp-json\/wp\/v2\/types\/product"}],"replies":[{"embeddable":true,"href":"https:\/\/imprimeideas.es\/en\/wp-json\/wp\/v2\/comments?post=52150"}],"version-history":[{"count":1,"href":"https:\/\/imprimeideas.es\/en\/wp-json\/wp\/v2\/product\/52150\/revisions"}],"predecessor-version":[{"id":58395,"href":"https:\/\/imprimeideas.es\/en\/wp-json\/wp\/v2\/product\/52150\/revisions\/58395"}],"wp:featuredmedia":[{"embeddable":true,"href":"https:\/\/imprimeideas.es\/en\/wp-json\/wp\/v2\/media\/78213"}],"wp:attachment":[{"href":"https:\/\/imprimeideas.es\/en\/wp-json\/wp\/v2\/media?parent=52150"}],"wp:term":[{"taxonomy":"product_brand","embeddable":true,"href":"https:\/\/imprimeideas.es\/en\/wp-json\/wp\/v2\/product_brand?post=52150"},{"taxonomy":"product_cat","embeddable":true,"href":"https:\/\/imprimeideas.es\/en\/wp-json\/wp\/v2\/product_cat?post=52150"},{"taxonomy":"product_tag","embeddable":true,"href":"https:\/\/imprimeideas.es\/en\/wp-json\/wp\/v2\/product_tag?post=52150"}],"curies":[{"name":"wp","href":"https:\/\/api.w.org\/{rel}","templated":true}]}}