{"id":52139,"date":"2026-02-24T12:45:27","date_gmt":"2026-02-24T11:45:27","guid":{"rendered":"https:\/\/imprimeideas.es\/?post_type=product&p=52139"},"modified":"2026-02-26T18:08:11","modified_gmt":"2026-02-26T17:08:11","slug":"libreta-kirax","status":"publish","type":"product","link":"https:\/\/imprimeideas.es\/en\/product\/libreta-kirax\/","title":{"rendered":"Libreta Kirax"},"content":{"rendered":"<p>Libreta con con tapas r\u00edgidas elaborado con cartones de leche reciclados. Con dise\u00f1o a doble color. Incluye 70 hojas de color natural a rayas, con banda el\u00e1stica y portabol\u00edgrafos a color. Incluye distintivo Recycled Milk Carton en contraportada y hojas interiores. Incluye bol\u00edgrafo con cuerpo en cart\u00f3n de leche reciclado, con clip a calor en tinta azul. Incluye distintitvo logo de Cartones de Leche Reciclados.<\/p>","protected":false},"excerpt":{"rendered":"<p>Portada R\u00edgida. 70 Hojas. Bol\u00edgrafo Cartones de Leche Reciclados Incluido<\/p>","protected":false},"featured_media":78552,"comment_status":"open","ping_status":"open","template":"","meta":{"inline_featured_image":false},"product_brand":[],"product_cat":[2157,108,96],"product_tag":[],"class_list":{"0":"post-52139","1":"product","2":"type-product","3":"status-publish","4":"has-post-thumbnail","6":"product_cat-novedades","7":"product_cat-infantil","8":"product_cat-oficina-y-negocios","10":"first","11":"outofstock","12":"taxable","13":"shipping-taxable","14":"purchasable","15":"product-type-variable","16":"has-default-attributes"},"aioseo_notices":[],"_links":{"self":[{"href":"https:\/\/imprimeideas.es\/en\/wp-json\/wp\/v2\/product\/52139","targetHints":{"allow":["GET"]}}],"collection":[{"href":"https:\/\/imprimeideas.es\/en\/wp-json\/wp\/v2\/product"}],"about":[{"href":"https:\/\/imprimeideas.es\/en\/wp-json\/wp\/v2\/types\/product"}],"replies":[{"embeddable":true,"href":"https:\/\/imprimeideas.es\/en\/wp-json\/wp\/v2\/comments?post=52139"}],"version-history":[{"count":1,"href":"https:\/\/imprimeideas.es\/en\/wp-json\/wp\/v2\/product\/52139\/revisions"}],"predecessor-version":[{"id":58419,"href":"https:\/\/imprimeideas.es\/en\/wp-json\/wp\/v2\/product\/52139\/revisions\/58419"}],"wp:featuredmedia":[{"embeddable":true,"href":"https:\/\/imprimeideas.es\/en\/wp-json\/wp\/v2\/media\/78552"}],"wp:attachment":[{"href":"https:\/\/imprimeideas.es\/en\/wp-json\/wp\/v2\/media?parent=52139"}],"wp:term":[{"taxonomy":"product_brand","embeddable":true,"href":"https:\/\/imprimeideas.es\/en\/wp-json\/wp\/v2\/product_brand?post=52139"},{"taxonomy":"product_cat","embeddable":true,"href":"https:\/\/imprimeideas.es\/en\/wp-json\/wp\/v2\/product_cat?post=52139"},{"taxonomy":"product_tag","embeddable":true,"href":"https:\/\/imprimeideas.es\/en\/wp-json\/wp\/v2\/product_tag?post=52139"}],"curies":[{"name":"wp","href":"https:\/\/api.w.org\/{rel}","templated":true}]}}