{"id":52137,"date":"2026-02-24T12:45:27","date_gmt":"2026-02-24T11:45:27","guid":{"rendered":"https:\/\/imprimeideas.es\/?post_type=product&p=52137"},"modified":"2026-02-26T18:08:12","modified_gmt":"2026-02-26T17:08:12","slug":"estuche-organizador-loncebix","status":"publish","type":"product","link":"https:\/\/imprimeideas.es\/en\/product\/estuche-organizador-loncebix\/","title":{"rendered":"Estuche Organizador Loncebix"},"content":{"rendered":"<p>Estuche organizador de gran tama\u00f1o fabricado en RPET 600D. Incluye 3 bolsillos de apertura completa con doble tirador met\u00e1lico y equipado con m\u00faltiples tipos de bolsillos interiores. Incluye asa para f\u00e1cil transporte. Con distintivo RPET.<\/p>","protected":false},"excerpt":{"rendered":"<p>Estuche organizador de gran tama\u00f1o fabricado en RPET 600D. Incluye 3 bolsillos de apertura completa con doble tirador met\u00e1lico y<\/p>","protected":false},"featured_media":79681,"comment_status":"open","ping_status":"open","template":"","meta":{"inline_featured_image":false},"product_brand":[],"product_cat":[2157,95,103],"product_tag":[],"class_list":{"0":"post-52137","1":"product","2":"type-product","3":"status-publish","4":"has-post-thumbnail","6":"product_cat-novedades","7":"product_cat-tecnologia-y-accesorios","8":"product_cat-viaje","10":"first","11":"outofstock","12":"taxable","13":"shipping-taxable","14":"purchasable","15":"product-type-variable","16":"has-default-attributes"},"aioseo_notices":[],"_links":{"self":[{"href":"https:\/\/imprimeideas.es\/en\/wp-json\/wp\/v2\/product\/52137","targetHints":{"allow":["GET"]}}],"collection":[{"href":"https:\/\/imprimeideas.es\/en\/wp-json\/wp\/v2\/product"}],"about":[{"href":"https:\/\/imprimeideas.es\/en\/wp-json\/wp\/v2\/types\/product"}],"replies":[{"embeddable":true,"href":"https:\/\/imprimeideas.es\/en\/wp-json\/wp\/v2\/comments?post=52137"}],"version-history":[{"count":1,"href":"https:\/\/imprimeideas.es\/en\/wp-json\/wp\/v2\/product\/52137\/revisions"}],"predecessor-version":[{"id":58418,"href":"https:\/\/imprimeideas.es\/en\/wp-json\/wp\/v2\/product\/52137\/revisions\/58418"}],"wp:featuredmedia":[{"embeddable":true,"href":"https:\/\/imprimeideas.es\/en\/wp-json\/wp\/v2\/media\/79681"}],"wp:attachment":[{"href":"https:\/\/imprimeideas.es\/en\/wp-json\/wp\/v2\/media?parent=52137"}],"wp:term":[{"taxonomy":"product_brand","embeddable":true,"href":"https:\/\/imprimeideas.es\/en\/wp-json\/wp\/v2\/product_brand?post=52137"},{"taxonomy":"product_cat","embeddable":true,"href":"https:\/\/imprimeideas.es\/en\/wp-json\/wp\/v2\/product_cat?post=52137"},{"taxonomy":"product_tag","embeddable":true,"href":"https:\/\/imprimeideas.es\/en\/wp-json\/wp\/v2\/product_tag?post=52137"}],"curies":[{"name":"wp","href":"https:\/\/api.w.org\/{rel}","templated":true}]}}