{"id":51977,"date":"2026-02-24T12:45:03","date_gmt":"2026-02-24T11:45:03","guid":{"rendered":"https:\/\/imprimeideas.es\/?post_type=product&p=51977"},"modified":"2026-02-26T18:08:11","modified_gmt":"2026-02-26T17:08:11","slug":"flauta-drionax","status":"publish","type":"product","link":"https:\/\/imprimeideas.es\/en\/product\/flauta-drionax\/","title":{"rendered":"Flauta Drionax"},"content":{"rendered":"<p>Flauta fabricada en PP. Incluye funda en Non-Woven, para f\u00e1cil transporte. Con opci\u00f3n a desmontarla en tres partes, boquilla, y dos partes inferiores. Incluye pr\u00e1ctico accesorio de limpieza.<\/p>","protected":false},"excerpt":{"rendered":"<p>Limpiador Incluido. Funda Non-Woven<\/p>","protected":false},"featured_media":68957,"comment_status":"open","ping_status":"open","template":"","meta":{"inline_featured_image":false},"product_brand":[],"product_cat":[2157,108],"product_tag":[],"class_list":{"0":"post-51977","1":"product","2":"type-product","3":"status-publish","4":"has-post-thumbnail","6":"product_cat-novedades","7":"product_cat-infantil","9":"first","10":"outofstock","11":"taxable","12":"shipping-taxable","13":"purchasable","14":"product-type-variable","15":"has-default-attributes"},"aioseo_notices":[],"_links":{"self":[{"href":"https:\/\/imprimeideas.es\/en\/wp-json\/wp\/v2\/product\/51977","targetHints":{"allow":["GET"]}}],"collection":[{"href":"https:\/\/imprimeideas.es\/en\/wp-json\/wp\/v2\/product"}],"about":[{"href":"https:\/\/imprimeideas.es\/en\/wp-json\/wp\/v2\/types\/product"}],"replies":[{"embeddable":true,"href":"https:\/\/imprimeideas.es\/en\/wp-json\/wp\/v2\/comments?post=51977"}],"version-history":[{"count":1,"href":"https:\/\/imprimeideas.es\/en\/wp-json\/wp\/v2\/product\/51977\/revisions"}],"predecessor-version":[{"id":58358,"href":"https:\/\/imprimeideas.es\/en\/wp-json\/wp\/v2\/product\/51977\/revisions\/58358"}],"wp:featuredmedia":[{"embeddable":true,"href":"https:\/\/imprimeideas.es\/en\/wp-json\/wp\/v2\/media\/68957"}],"wp:attachment":[{"href":"https:\/\/imprimeideas.es\/en\/wp-json\/wp\/v2\/media?parent=51977"}],"wp:term":[{"taxonomy":"product_brand","embeddable":true,"href":"https:\/\/imprimeideas.es\/en\/wp-json\/wp\/v2\/product_brand?post=51977"},{"taxonomy":"product_cat","embeddable":true,"href":"https:\/\/imprimeideas.es\/en\/wp-json\/wp\/v2\/product_cat?post=51977"},{"taxonomy":"product_tag","embeddable":true,"href":"https:\/\/imprimeideas.es\/en\/wp-json\/wp\/v2\/product_tag?post=51977"}],"curies":[{"name":"wp","href":"https:\/\/api.w.org\/{rel}","templated":true}]}}