{"id":51861,"date":"2026-02-24T12:44:45","date_gmt":"2026-02-24T11:44:45","guid":{"rendered":"https:\/\/imprimeideas.es\/?post_type=product&p=51861"},"modified":"2026-02-26T18:08:07","modified_gmt":"2026-02-26T17:08:07","slug":"toalla-absorbente-jutiul","status":"publish","type":"product","link":"https:\/\/imprimeideas.es\/en\/product\/toalla-absorbente-jutiul\/","title":{"rendered":"Toalla Absorbente Jutiul"},"content":{"rendered":"<p>Toalla de 130x80cm ultra absorbente confeccionada en RPET de 200 g\/m2. Dispone de cinta el\u00e1stica para cuando se pliega poder guardarla, presentada en bolsa de poli\u00e9ster RPET para f\u00e1cil transporte. Con distintivo logotipo RPET.<\/p>","protected":false},"excerpt":{"rendered":"<p>Funda Poli\u00e9ster RPET<\/p>","protected":false},"featured_media":83375,"comment_status":"open","ping_status":"open","template":"","meta":{"inline_featured_image":false},"product_brand":[],"product_cat":[2157,101,114],"product_tag":[],"class_list":{"0":"post-51861","1":"product","2":"type-product","3":"status-publish","4":"has-post-thumbnail","6":"product_cat-novedades","7":"product_cat-deporte-y-aventura","8":"product_cat-verano-y-playa","10":"first","11":"outofstock","12":"taxable","13":"shipping-taxable","14":"purchasable","15":"product-type-variable","16":"has-default-attributes"},"aioseo_notices":[],"_links":{"self":[{"href":"https:\/\/imprimeideas.es\/en\/wp-json\/wp\/v2\/product\/51861","targetHints":{"allow":["GET"]}}],"collection":[{"href":"https:\/\/imprimeideas.es\/en\/wp-json\/wp\/v2\/product"}],"about":[{"href":"https:\/\/imprimeideas.es\/en\/wp-json\/wp\/v2\/types\/product"}],"replies":[{"embeddable":true,"href":"https:\/\/imprimeideas.es\/en\/wp-json\/wp\/v2\/comments?post=51861"}],"version-history":[{"count":1,"href":"https:\/\/imprimeideas.es\/en\/wp-json\/wp\/v2\/product\/51861\/revisions"}],"predecessor-version":[{"id":58455,"href":"https:\/\/imprimeideas.es\/en\/wp-json\/wp\/v2\/product\/51861\/revisions\/58455"}],"wp:featuredmedia":[{"embeddable":true,"href":"https:\/\/imprimeideas.es\/en\/wp-json\/wp\/v2\/media\/83375"}],"wp:attachment":[{"href":"https:\/\/imprimeideas.es\/en\/wp-json\/wp\/v2\/media?parent=51861"}],"wp:term":[{"taxonomy":"product_brand","embeddable":true,"href":"https:\/\/imprimeideas.es\/en\/wp-json\/wp\/v2\/product_brand?post=51861"},{"taxonomy":"product_cat","embeddable":true,"href":"https:\/\/imprimeideas.es\/en\/wp-json\/wp\/v2\/product_cat?post=51861"},{"taxonomy":"product_tag","embeddable":true,"href":"https:\/\/imprimeideas.es\/en\/wp-json\/wp\/v2\/product_tag?post=51861"}],"curies":[{"name":"wp","href":"https:\/\/api.w.org\/{rel}","templated":true}]}}