{"id":51856,"date":"2026-02-24T12:44:44","date_gmt":"2026-02-24T11:44:44","guid":{"rendered":"https:\/\/imprimeideas.es\/?post_type=product&p=51856"},"modified":"2026-02-26T18:08:10","modified_gmt":"2026-02-26T17:08:10","slug":"linterna-emergencia-selina","status":"publish","type":"product","link":"https:\/\/imprimeideas.es\/en\/product\/linterna-emergencia-selina\/","title":{"rendered":"Linterna Emergencia Selina"},"content":{"rendered":"<p>Linterna de emergencia LED con resistente cuerpo y base magn\u00e9tica y adhesiva en ABS. Incluye pulsador en el frontal de la linterna y pr\u00e1cticos imanes en la parte trasera. Dispone de un sensor de movimiento y luz indicadora con un rango de detecci\u00f3n de 2-3 m. Alimentaci\u00f3n con bater\u00eda recargable con capacidad de 300mAh. Incluye cable de carga USB-A a USB-C en el mismo color.<\/p>","protected":false},"excerpt":{"rendered":"<p>1 Led. Magn\u00e9tica. Sensor de Movimiento. Bater\u00eda 300 mAh<\/p>","protected":false},"featured_media":84229,"comment_status":"open","ping_status":"open","template":"","meta":{"inline_featured_image":false},"product_brand":[],"product_cat":[2157,110,106],"product_tag":[],"class_list":{"0":"post-51856","1":"product","2":"type-product","3":"status-publish","4":"has-post-thumbnail","6":"product_cat-novedades","7":"product_cat-herramientas-brico-y-automovil","8":"product_cat-regalos-y-premiums","10":"first","11":"instock","12":"taxable","13":"shipping-taxable","14":"purchasable","15":"product-type-variable","16":"has-default-attributes"},"aioseo_notices":[],"_links":{"self":[{"href":"https:\/\/imprimeideas.es\/en\/wp-json\/wp\/v2\/product\/51856","targetHints":{"allow":["GET"]}}],"collection":[{"href":"https:\/\/imprimeideas.es\/en\/wp-json\/wp\/v2\/product"}],"about":[{"href":"https:\/\/imprimeideas.es\/en\/wp-json\/wp\/v2\/types\/product"}],"replies":[{"embeddable":true,"href":"https:\/\/imprimeideas.es\/en\/wp-json\/wp\/v2\/comments?post=51856"}],"version-history":[{"count":1,"href":"https:\/\/imprimeideas.es\/en\/wp-json\/wp\/v2\/product\/51856\/revisions"}],"predecessor-version":[{"id":58276,"href":"https:\/\/imprimeideas.es\/en\/wp-json\/wp\/v2\/product\/51856\/revisions\/58276"}],"wp:featuredmedia":[{"embeddable":true,"href":"https:\/\/imprimeideas.es\/en\/wp-json\/wp\/v2\/media\/84229"}],"wp:attachment":[{"href":"https:\/\/imprimeideas.es\/en\/wp-json\/wp\/v2\/media?parent=51856"}],"wp:term":[{"taxonomy":"product_brand","embeddable":true,"href":"https:\/\/imprimeideas.es\/en\/wp-json\/wp\/v2\/product_brand?post=51856"},{"taxonomy":"product_cat","embeddable":true,"href":"https:\/\/imprimeideas.es\/en\/wp-json\/wp\/v2\/product_cat?post=51856"},{"taxonomy":"product_tag","embeddable":true,"href":"https:\/\/imprimeideas.es\/en\/wp-json\/wp\/v2\/product_tag?post=51856"}],"curies":[{"name":"wp","href":"https:\/\/api.w.org\/{rel}","templated":true}]}}