{"id":51854,"date":"2026-02-24T12:44:44","date_gmt":"2026-02-24T11:44:44","guid":{"rendered":"https:\/\/imprimeideas.es\/?post_type=product&p=51854"},"modified":"2026-02-26T18:08:10","modified_gmt":"2026-02-26T17:08:10","slug":"rinonera-pibar","status":"publish","type":"product","link":"https:\/\/imprimeideas.es\/en\/product\/rinonera-pibar\/","title":{"rendered":"Ri\u00f1onera Pibar"},"content":{"rendered":"<p>Ri\u00f1onera fabricada en poli\u00e9ster RPET 600D. Cuenta con un bolsillo principal con cierre de cremallera invisible en color negro, con tirador met\u00e1lico en negro, y cinta ajustable con cierre de hebilla en la correa. En la parte frontal incluye un cord\u00f3n el\u00e1stico ajustable. Incluye etiqueta distintiva de RPET.<\/p>","protected":false},"excerpt":{"rendered":"<p>Ri\u00f1onera fabricada en poli\u00e9ster RPET 600D. Cuenta con un bolsillo principal con cierre de cremallera invisible en color negro, con<\/p>","protected":false},"featured_media":74656,"comment_status":"open","ping_status":"open","template":"","meta":{"inline_featured_image":false},"product_brand":[],"product_cat":[94],"product_tag":[],"class_list":{"0":"post-51854","1":"product","2":"type-product","3":"status-publish","4":"has-post-thumbnail","6":"product_cat-mochilas","8":"first","9":"instock","10":"taxable","11":"shipping-taxable","12":"purchasable","13":"product-type-variable","14":"has-default-attributes"},"aioseo_notices":[],"_links":{"self":[{"href":"https:\/\/imprimeideas.es\/en\/wp-json\/wp\/v2\/product\/51854","targetHints":{"allow":["GET"]}}],"collection":[{"href":"https:\/\/imprimeideas.es\/en\/wp-json\/wp\/v2\/product"}],"about":[{"href":"https:\/\/imprimeideas.es\/en\/wp-json\/wp\/v2\/types\/product"}],"replies":[{"embeddable":true,"href":"https:\/\/imprimeideas.es\/en\/wp-json\/wp\/v2\/comments?post=51854"}],"version-history":[{"count":1,"href":"https:\/\/imprimeideas.es\/en\/wp-json\/wp\/v2\/product\/51854\/revisions"}],"predecessor-version":[{"id":58255,"href":"https:\/\/imprimeideas.es\/en\/wp-json\/wp\/v2\/product\/51854\/revisions\/58255"}],"wp:featuredmedia":[{"embeddable":true,"href":"https:\/\/imprimeideas.es\/en\/wp-json\/wp\/v2\/media\/74656"}],"wp:attachment":[{"href":"https:\/\/imprimeideas.es\/en\/wp-json\/wp\/v2\/media?parent=51854"}],"wp:term":[{"taxonomy":"product_brand","embeddable":true,"href":"https:\/\/imprimeideas.es\/en\/wp-json\/wp\/v2\/product_brand?post=51854"},{"taxonomy":"product_cat","embeddable":true,"href":"https:\/\/imprimeideas.es\/en\/wp-json\/wp\/v2\/product_cat?post=51854"},{"taxonomy":"product_tag","embeddable":true,"href":"https:\/\/imprimeideas.es\/en\/wp-json\/wp\/v2\/product_tag?post=51854"}],"curies":[{"name":"wp","href":"https:\/\/api.w.org\/{rel}","templated":true}]}}