{"id":51851,"date":"2026-02-24T12:44:43","date_gmt":"2026-02-24T11:44:43","guid":{"rendered":"https:\/\/imprimeideas.es\/?post_type=product&p=51851"},"modified":"2026-02-26T18:08:09","modified_gmt":"2026-02-26T17:08:09","slug":"bloc-notas-alina","status":"publish","type":"product","link":"https:\/\/imprimeideas.es\/en\/product\/bloc-notas-alina\/","title":{"rendered":"Bloc Notas Alina"},"content":{"rendered":"<p>Bloc con notas adhesivas en cart\u00f3n reciclado. Con tapas r\u00edgidas, incluye bloc de 70 hojas blancas de disposici\u00f3n a una raya. En la cubierta interior de la portada incluye: 25 hojas adhesivas amarillas 6&#215;3,8 cm, 25 hojas adhesivas amarillas 7,5 x 9 cm y 100 mininotas adhesivas de varios colores y pr\u00e1ctico bol\u00edgrafo en cart\u00f3n reciclado de tinta azul con sistema pulsador. Incluye cinta el\u00e1stica a juego para asegurar cierre.<\/p>","protected":false},"excerpt":{"rendered":"<p>25 Notas Adhesivas 7,5 x 9 cm. 25 Mininotas Adhesivas 3,8 x 6 cm. 100 Mininotas Adhesivas 1,2 x 4,5 cm. Bol\u00edgrafo Cart\u00f3n Reciclado Incluido<\/p>","protected":false},"featured_media":72528,"comment_status":"open","ping_status":"open","template":"","meta":{"inline_featured_image":false},"product_brand":[],"product_cat":[2157,96],"product_tag":[],"class_list":{"0":"post-51851","1":"product","2":"type-product","3":"status-publish","4":"has-post-thumbnail","6":"product_cat-novedades","7":"product_cat-oficina-y-negocios","9":"first","10":"instock","11":"taxable","12":"shipping-taxable","13":"purchasable","14":"product-type-variable","15":"has-default-attributes"},"aioseo_notices":[],"_links":{"self":[{"href":"https:\/\/imprimeideas.es\/en\/wp-json\/wp\/v2\/product\/51851","targetHints":{"allow":["GET"]}}],"collection":[{"href":"https:\/\/imprimeideas.es\/en\/wp-json\/wp\/v2\/product"}],"about":[{"href":"https:\/\/imprimeideas.es\/en\/wp-json\/wp\/v2\/types\/product"}],"replies":[{"embeddable":true,"href":"https:\/\/imprimeideas.es\/en\/wp-json\/wp\/v2\/comments?post=51851"}],"version-history":[{"count":1,"href":"https:\/\/imprimeideas.es\/en\/wp-json\/wp\/v2\/product\/51851\/revisions"}],"predecessor-version":[{"id":58270,"href":"https:\/\/imprimeideas.es\/en\/wp-json\/wp\/v2\/product\/51851\/revisions\/58270"}],"wp:featuredmedia":[{"embeddable":true,"href":"https:\/\/imprimeideas.es\/en\/wp-json\/wp\/v2\/media\/72528"}],"wp:attachment":[{"href":"https:\/\/imprimeideas.es\/en\/wp-json\/wp\/v2\/media?parent=51851"}],"wp:term":[{"taxonomy":"product_brand","embeddable":true,"href":"https:\/\/imprimeideas.es\/en\/wp-json\/wp\/v2\/product_brand?post=51851"},{"taxonomy":"product_cat","embeddable":true,"href":"https:\/\/imprimeideas.es\/en\/wp-json\/wp\/v2\/product_cat?post=51851"},{"taxonomy":"product_tag","embeddable":true,"href":"https:\/\/imprimeideas.es\/en\/wp-json\/wp\/v2\/product_tag?post=51851"}],"curies":[{"name":"wp","href":"https:\/\/api.w.org\/{rel}","templated":true}]}}