{"id":51849,"date":"2026-02-24T12:44:43","date_gmt":"2026-02-24T11:44:43","guid":{"rendered":"https:\/\/imprimeideas.es\/?post_type=product&p=51849"},"modified":"2026-02-26T18:08:08","modified_gmt":"2026-02-26T17:08:08","slug":"neceser-hifron","status":"publish","type":"product","link":"https:\/\/imprimeideas.es\/en\/product\/neceser-hifron\/","title":{"rendered":"Neceser Hifron"},"content":{"rendered":"<p>Neceser multiusos en suave PU. Bolsillo principal y bolsillo frontal, con cierres de cremallera y tiradores met\u00e1licos. Y pr\u00e1ctica asa de mano para un c\u00f3modo transporte.<\/p>","protected":false},"excerpt":{"rendered":"<p>Neceser multiusos en suave PU. Bolsillo principal y bolsillo frontal, con cierres de cremallera y tiradores met\u00e1licos. Y pr\u00e1ctica asa<\/p>","protected":false},"featured_media":72016,"comment_status":"open","ping_status":"open","template":"","meta":{"inline_featured_image":false},"product_brand":[],"product_cat":[2157,107,103],"product_tag":[],"class_list":{"0":"post-51849","1":"product","2":"type-product","3":"status-publish","4":"has-post-thumbnail","6":"product_cat-novedades","7":"product_cat-cuidado-personal-y-pharma","8":"product_cat-viaje","10":"first","11":"instock","12":"taxable","13":"shipping-taxable","14":"purchasable","15":"product-type-variable","16":"has-default-attributes"},"aioseo_notices":[],"_links":{"self":[{"href":"https:\/\/imprimeideas.es\/en\/wp-json\/wp\/v2\/product\/51849","targetHints":{"allow":["GET"]}}],"collection":[{"href":"https:\/\/imprimeideas.es\/en\/wp-json\/wp\/v2\/product"}],"about":[{"href":"https:\/\/imprimeideas.es\/en\/wp-json\/wp\/v2\/types\/product"}],"replies":[{"embeddable":true,"href":"https:\/\/imprimeideas.es\/en\/wp-json\/wp\/v2\/comments?post=51849"}],"version-history":[{"count":1,"href":"https:\/\/imprimeideas.es\/en\/wp-json\/wp\/v2\/product\/51849\/revisions"}],"predecessor-version":[{"id":58339,"href":"https:\/\/imprimeideas.es\/en\/wp-json\/wp\/v2\/product\/51849\/revisions\/58339"}],"wp:featuredmedia":[{"embeddable":true,"href":"https:\/\/imprimeideas.es\/en\/wp-json\/wp\/v2\/media\/72016"}],"wp:attachment":[{"href":"https:\/\/imprimeideas.es\/en\/wp-json\/wp\/v2\/media?parent=51849"}],"wp:term":[{"taxonomy":"product_brand","embeddable":true,"href":"https:\/\/imprimeideas.es\/en\/wp-json\/wp\/v2\/product_brand?post=51849"},{"taxonomy":"product_cat","embeddable":true,"href":"https:\/\/imprimeideas.es\/en\/wp-json\/wp\/v2\/product_cat?post=51849"},{"taxonomy":"product_tag","embeddable":true,"href":"https:\/\/imprimeideas.es\/en\/wp-json\/wp\/v2\/product_tag?post=51849"}],"curies":[{"name":"wp","href":"https:\/\/api.w.org\/{rel}","templated":true}]}}