{"id":51847,"date":"2026-02-24T12:44:43","date_gmt":"2026-02-24T11:44:43","guid":{"rendered":"https:\/\/imprimeideas.es\/?post_type=product&p=51847"},"modified":"2026-02-26T18:08:07","modified_gmt":"2026-02-26T17:08:07","slug":"bloc-notas-quepro","status":"publish","type":"product","link":"https:\/\/imprimeideas.es\/en\/product\/bloc-notas-quepro\/","title":{"rendered":"Bloc Notas Quepro"},"content":{"rendered":"<p>Bloc de notas con tapas r\u00edgidas de cart\u00f3n reciclado con notas adhesivas. Incluye: 50 notas adhesivas tama\u00f1o grande, 25 notas adhesivas tama\u00f1o mediano y 125 mininotas adhesivas en variados colores (fucsia, naranja, amarillo, verde y rosa).<\/p>","protected":false},"excerpt":{"rendered":"<p>50 Notas Adhesivas 7,5 x 10 cm. 25 Notas Adhesivas 5 x 7,5 cm. 125 Mininotas Adhesivas 1,2 x 4,5 cm<\/p>","protected":false},"featured_media":82947,"comment_status":"open","ping_status":"open","template":"","meta":{"inline_featured_image":false},"product_brand":[],"product_cat":[96],"product_tag":[],"class_list":{"0":"post-51847","1":"product","2":"type-product","3":"status-publish","4":"has-post-thumbnail","6":"product_cat-oficina-y-negocios","8":"first","9":"instock","10":"taxable","11":"shipping-taxable","12":"purchasable","13":"product-type-variable","14":"has-default-attributes"},"aioseo_notices":[],"_links":{"self":[{"href":"https:\/\/imprimeideas.es\/en\/wp-json\/wp\/v2\/product\/51847","targetHints":{"allow":["GET"]}}],"collection":[{"href":"https:\/\/imprimeideas.es\/en\/wp-json\/wp\/v2\/product"}],"about":[{"href":"https:\/\/imprimeideas.es\/en\/wp-json\/wp\/v2\/types\/product"}],"replies":[{"embeddable":true,"href":"https:\/\/imprimeideas.es\/en\/wp-json\/wp\/v2\/comments?post=51847"}],"version-history":[{"count":1,"href":"https:\/\/imprimeideas.es\/en\/wp-json\/wp\/v2\/product\/51847\/revisions"}],"predecessor-version":[{"id":58267,"href":"https:\/\/imprimeideas.es\/en\/wp-json\/wp\/v2\/product\/51847\/revisions\/58267"}],"wp:featuredmedia":[{"embeddable":true,"href":"https:\/\/imprimeideas.es\/en\/wp-json\/wp\/v2\/media\/82947"}],"wp:attachment":[{"href":"https:\/\/imprimeideas.es\/en\/wp-json\/wp\/v2\/media?parent=51847"}],"wp:term":[{"taxonomy":"product_brand","embeddable":true,"href":"https:\/\/imprimeideas.es\/en\/wp-json\/wp\/v2\/product_brand?post=51847"},{"taxonomy":"product_cat","embeddable":true,"href":"https:\/\/imprimeideas.es\/en\/wp-json\/wp\/v2\/product_cat?post=51847"},{"taxonomy":"product_tag","embeddable":true,"href":"https:\/\/imprimeideas.es\/en\/wp-json\/wp\/v2\/product_tag?post=51847"}],"curies":[{"name":"wp","href":"https:\/\/api.w.org\/{rel}","templated":true}]}}