{"id":51841,"date":"2026-02-24T12:44:42","date_gmt":"2026-02-24T11:44:42","guid":{"rendered":"https:\/\/imprimeideas.es\/?post_type=product&p=51841"},"modified":"2026-02-26T18:08:08","modified_gmt":"2026-02-26T17:08:08","slug":"ventilador-somarik","status":"publish","type":"product","link":"https:\/\/imprimeideas.es\/en\/product\/ventilador-somarik\/","title":{"rendered":"Ventilador Somarik"},"content":{"rendered":"<p>Ventilador port\u00e1til en ABS con acabado mate. Cuenta con bot\u00f3n de encendido\/apagado y mosquet\u00f3n de aluminio con funci\u00f3n de soporte en el extremo inferior, ideal para un transporte c\u00f3modo. Dispone de 3 modos de velocidad. Potencia: 2?6?W. Bater\u00eda recargable Li?Ion 14500 de 1200?mAh y 3.7?V. Entrada USB?C 5?V DC 1?A. Incluye cable USB?A a USB?C.<\/p>","protected":false},"excerpt":{"rendered":"<p>3 Posiciones. Bater\u00eda 1200 mAh<\/p>","protected":false},"featured_media":77566,"comment_status":"open","ping_status":"open","template":"","meta":{"inline_featured_image":false},"product_brand":[],"product_cat":[2157,114],"product_tag":[],"class_list":{"0":"post-51841","1":"product","2":"type-product","3":"status-publish","4":"has-post-thumbnail","6":"product_cat-novedades","7":"product_cat-verano-y-playa","9":"first","10":"outofstock","11":"taxable","12":"shipping-taxable","13":"purchasable","14":"product-type-variable","15":"has-default-attributes"},"aioseo_notices":[],"_links":{"self":[{"href":"https:\/\/imprimeideas.es\/en\/wp-json\/wp\/v2\/product\/51841","targetHints":{"allow":["GET"]}}],"collection":[{"href":"https:\/\/imprimeideas.es\/en\/wp-json\/wp\/v2\/product"}],"about":[{"href":"https:\/\/imprimeideas.es\/en\/wp-json\/wp\/v2\/types\/product"}],"replies":[{"embeddable":true,"href":"https:\/\/imprimeideas.es\/en\/wp-json\/wp\/v2\/comments?post=51841"}],"version-history":[{"count":1,"href":"https:\/\/imprimeideas.es\/en\/wp-json\/wp\/v2\/product\/51841\/revisions"}],"predecessor-version":[{"id":58401,"href":"https:\/\/imprimeideas.es\/en\/wp-json\/wp\/v2\/product\/51841\/revisions\/58401"}],"wp:featuredmedia":[{"embeddable":true,"href":"https:\/\/imprimeideas.es\/en\/wp-json\/wp\/v2\/media\/77566"}],"wp:attachment":[{"href":"https:\/\/imprimeideas.es\/en\/wp-json\/wp\/v2\/media?parent=51841"}],"wp:term":[{"taxonomy":"product_brand","embeddable":true,"href":"https:\/\/imprimeideas.es\/en\/wp-json\/wp\/v2\/product_brand?post=51841"},{"taxonomy":"product_cat","embeddable":true,"href":"https:\/\/imprimeideas.es\/en\/wp-json\/wp\/v2\/product_cat?post=51841"},{"taxonomy":"product_tag","embeddable":true,"href":"https:\/\/imprimeideas.es\/en\/wp-json\/wp\/v2\/product_tag?post=51841"}],"curies":[{"name":"wp","href":"https:\/\/api.w.org\/{rel}","templated":true}]}}