{"id":51830,"date":"2026-02-24T12:44:40","date_gmt":"2026-02-24T11:44:40","guid":{"rendered":"https:\/\/imprimeideas.es\/?post_type=product&p=51830"},"modified":"2026-02-26T18:08:05","modified_gmt":"2026-02-26T17:08:05","slug":"set-bolsas-kunar","status":"publish","type":"product","link":"https:\/\/imprimeideas.es\/en\/product\/set-bolsas-kunar\/","title":{"rendered":"Set Bolsas Kunar"},"content":{"rendered":"<p>Set de 4 bolsas de reciclaje amarilla-verde-azul-marron en resistente Non-woven laminado de 125g\/m2 de acabado brillante. Incluye 3 bolsas de 23x45x23cm unidas entre s\u00ed mediante resistentes velcros laterales. Con asas reforzadas e indicaci\u00f3n de tipos de residuo: pl\u00e1stico y envases, org\u00e1nico, vidrio y papel.<\/p>","protected":false},"excerpt":{"rendered":"<p>4 Bolsas 23 x 45 x 23 cm<\/p>","protected":false},"featured_media":84730,"comment_status":"open","ping_status":"open","template":"","meta":{"inline_featured_image":false},"product_brand":[],"product_cat":[2157,104],"product_tag":[],"class_list":{"0":"post-51830","1":"product","2":"type-product","3":"status-publish","4":"has-post-thumbnail","6":"product_cat-novedades","7":"product_cat-hogar-y-decoracion","9":"first","10":"outofstock","11":"taxable","12":"shipping-taxable","13":"purchasable","14":"product-type-variable","15":"has-default-attributes"},"aioseo_notices":[],"_links":{"self":[{"href":"https:\/\/imprimeideas.es\/en\/wp-json\/wp\/v2\/product\/51830","targetHints":{"allow":["GET"]}}],"collection":[{"href":"https:\/\/imprimeideas.es\/en\/wp-json\/wp\/v2\/product"}],"about":[{"href":"https:\/\/imprimeideas.es\/en\/wp-json\/wp\/v2\/types\/product"}],"replies":[{"embeddable":true,"href":"https:\/\/imprimeideas.es\/en\/wp-json\/wp\/v2\/comments?post=51830"}],"version-history":[{"count":1,"href":"https:\/\/imprimeideas.es\/en\/wp-json\/wp\/v2\/product\/51830\/revisions"}],"predecessor-version":[{"id":58322,"href":"https:\/\/imprimeideas.es\/en\/wp-json\/wp\/v2\/product\/51830\/revisions\/58322"}],"wp:featuredmedia":[{"embeddable":true,"href":"https:\/\/imprimeideas.es\/en\/wp-json\/wp\/v2\/media\/84730"}],"wp:attachment":[{"href":"https:\/\/imprimeideas.es\/en\/wp-json\/wp\/v2\/media?parent=51830"}],"wp:term":[{"taxonomy":"product_brand","embeddable":true,"href":"https:\/\/imprimeideas.es\/en\/wp-json\/wp\/v2\/product_brand?post=51830"},{"taxonomy":"product_cat","embeddable":true,"href":"https:\/\/imprimeideas.es\/en\/wp-json\/wp\/v2\/product_cat?post=51830"},{"taxonomy":"product_tag","embeddable":true,"href":"https:\/\/imprimeideas.es\/en\/wp-json\/wp\/v2\/product_tag?post=51830"}],"curies":[{"name":"wp","href":"https:\/\/api.w.org\/{rel}","templated":true}]}}