{"id":51794,"date":"2026-02-24T12:44:35","date_gmt":"2026-02-24T11:44:35","guid":{"rendered":"https:\/\/imprimeideas.es\/?post_type=product&p=51794"},"modified":"2026-02-26T18:08:06","modified_gmt":"2026-02-26T17:08:06","slug":"organizador-lunaro","status":"publish","type":"product","link":"https:\/\/imprimeideas.es\/en\/product\/organizador-lunaro\/","title":{"rendered":"Organizador Lunaro"},"content":{"rendered":"<p>Excelente organizador en bamb\u00fa tama\u00f1o 24,4 x 32,7cm. Con resistente pinza para documentaci\u00f3n en acabado plateado.<\/p>","protected":false},"excerpt":{"rendered":"<p>Excelente organizador en bamb\u00fa tama\u00f1o 24,4 x 32,7cm. Con resistente pinza para documentaci\u00f3n en acabado plateado.<\/p>","protected":false},"featured_media":76156,"comment_status":"open","ping_status":"open","template":"","meta":{"inline_featured_image":false},"product_brand":[],"product_cat":[96,105],"product_tag":[],"class_list":{"0":"post-51794","1":"product","2":"type-product","3":"status-publish","4":"has-post-thumbnail","6":"product_cat-oficina-y-negocios","7":"product_cat-vino-accesorios-de-bebida-y-hosteleria","9":"first","10":"instock","11":"taxable","12":"shipping-taxable","13":"purchasable","14":"product-type-variable","15":"has-default-attributes"},"aioseo_notices":[],"_links":{"self":[{"href":"https:\/\/imprimeideas.es\/en\/wp-json\/wp\/v2\/product\/51794","targetHints":{"allow":["GET"]}}],"collection":[{"href":"https:\/\/imprimeideas.es\/en\/wp-json\/wp\/v2\/product"}],"about":[{"href":"https:\/\/imprimeideas.es\/en\/wp-json\/wp\/v2\/types\/product"}],"replies":[{"embeddable":true,"href":"https:\/\/imprimeideas.es\/en\/wp-json\/wp\/v2\/comments?post=51794"}],"version-history":[{"count":1,"href":"https:\/\/imprimeideas.es\/en\/wp-json\/wp\/v2\/product\/51794\/revisions"}],"predecessor-version":[{"id":58253,"href":"https:\/\/imprimeideas.es\/en\/wp-json\/wp\/v2\/product\/51794\/revisions\/58253"}],"wp:featuredmedia":[{"embeddable":true,"href":"https:\/\/imprimeideas.es\/en\/wp-json\/wp\/v2\/media\/76156"}],"wp:attachment":[{"href":"https:\/\/imprimeideas.es\/en\/wp-json\/wp\/v2\/media?parent=51794"}],"wp:term":[{"taxonomy":"product_brand","embeddable":true,"href":"https:\/\/imprimeideas.es\/en\/wp-json\/wp\/v2\/product_brand?post=51794"},{"taxonomy":"product_cat","embeddable":true,"href":"https:\/\/imprimeideas.es\/en\/wp-json\/wp\/v2\/product_cat?post=51794"},{"taxonomy":"product_tag","embeddable":true,"href":"https:\/\/imprimeideas.es\/en\/wp-json\/wp\/v2\/product_tag?post=51794"}],"curies":[{"name":"wp","href":"https:\/\/api.w.org\/{rel}","templated":true}]}}