{"id":51789,"date":"2026-02-24T12:44:34","date_gmt":"2026-02-24T11:44:34","guid":{"rendered":"https:\/\/imprimeideas.es\/?post_type=product&p=51789"},"modified":"2026-02-26T18:08:06","modified_gmt":"2026-02-26T17:08:06","slug":"cojin-xalan","status":"publish","type":"product","link":"https:\/\/imprimeideas.es\/en\/product\/cojin-xalan\/","title":{"rendered":"Coj\u00edn Xalan"},"content":{"rendered":"<p>Coj\u00edn plegable fabricado en Nylon 210D con espuma PE. Plegable en 4 secciones con cord\u00f3n el\u00e1stico para recogerlo. Apto para grandes eventos.<\/p>","protected":false},"excerpt":{"rendered":"<p>Acolchado. Plegable<\/p>","protected":false},"featured_media":78055,"comment_status":"open","ping_status":"open","template":"","meta":{"inline_featured_image":false},"product_brand":[],"product_cat":[101,113],"product_tag":[],"class_list":{"0":"post-51789","1":"product","2":"type-product","3":"status-publish","4":"has-post-thumbnail","6":"product_cat-deporte-y-aventura","7":"product_cat-eventos-y-fiesta","9":"first","10":"instock","11":"taxable","12":"shipping-taxable","13":"purchasable","14":"product-type-variable","15":"has-default-attributes"},"aioseo_notices":[],"_links":{"self":[{"href":"https:\/\/imprimeideas.es\/en\/wp-json\/wp\/v2\/product\/51789","targetHints":{"allow":["GET"]}}],"collection":[{"href":"https:\/\/imprimeideas.es\/en\/wp-json\/wp\/v2\/product"}],"about":[{"href":"https:\/\/imprimeideas.es\/en\/wp-json\/wp\/v2\/types\/product"}],"replies":[{"embeddable":true,"href":"https:\/\/imprimeideas.es\/en\/wp-json\/wp\/v2\/comments?post=51789"}],"version-history":[{"count":1,"href":"https:\/\/imprimeideas.es\/en\/wp-json\/wp\/v2\/product\/51789\/revisions"}],"predecessor-version":[{"id":58399,"href":"https:\/\/imprimeideas.es\/en\/wp-json\/wp\/v2\/product\/51789\/revisions\/58399"}],"wp:featuredmedia":[{"embeddable":true,"href":"https:\/\/imprimeideas.es\/en\/wp-json\/wp\/v2\/media\/78055"}],"wp:attachment":[{"href":"https:\/\/imprimeideas.es\/en\/wp-json\/wp\/v2\/media?parent=51789"}],"wp:term":[{"taxonomy":"product_brand","embeddable":true,"href":"https:\/\/imprimeideas.es\/en\/wp-json\/wp\/v2\/product_brand?post=51789"},{"taxonomy":"product_cat","embeddable":true,"href":"https:\/\/imprimeideas.es\/en\/wp-json\/wp\/v2\/product_cat?post=51789"},{"taxonomy":"product_tag","embeddable":true,"href":"https:\/\/imprimeideas.es\/en\/wp-json\/wp\/v2\/product_tag?post=51789"}],"curies":[{"name":"wp","href":"https:\/\/api.w.org\/{rel}","templated":true}]}}