{"id":51787,"date":"2026-02-24T12:44:34","date_gmt":"2026-02-24T11:44:34","guid":{"rendered":"https:\/\/imprimeideas.es\/?post_type=product&p=51787"},"modified":"2026-02-26T18:08:06","modified_gmt":"2026-02-26T17:08:06","slug":"bandolera-ganter","status":"publish","type":"product","link":"https:\/\/imprimeideas.es\/en\/product\/bandolera-ganter\/","title":{"rendered":"Bandolera Ganter"},"content":{"rendered":"<p>Bandolera confeccionada en Fieltro RPET con dise\u00f1o urbano. Accesorio para ajuste en bandolera, con compartimento interior para ordenador port\u00e1til y documentos. Bolsillo con cierre en velcro. Distintivo RPET en etiqueta.El fieltro RPET es fruto de la combinaci\u00f3n del proceso de reciclaje de materiales pl\u00e1sticos junto con la t\u00e9cnica milenaria de fabricaci\u00f3n del fieltro, dando como resultado un material de eco-tendencia que, adem\u00e1s de ser de origen reciclado, tambi\u00e9n se convierte en reciclable.<\/p>","protected":false},"excerpt":{"rendered":"<p>Bandolera confeccionada en Fieltro RPET con dise\u00f1o urbano. Accesorio para ajuste en bandolera, con compartimento interior para ordenador port\u00e1til y<\/p>","protected":false},"featured_media":74172,"comment_status":"open","ping_status":"open","template":"","meta":{"inline_featured_image":false},"product_brand":[],"product_cat":[94,96],"product_tag":[],"class_list":{"0":"post-51787","1":"product","2":"type-product","3":"status-publish","4":"has-post-thumbnail","6":"product_cat-mochilas","7":"product_cat-oficina-y-negocios","9":"first","10":"instock","11":"taxable","12":"shipping-taxable","13":"purchasable","14":"product-type-variable","15":"has-default-attributes"},"aioseo_notices":[],"_links":{"self":[{"href":"https:\/\/imprimeideas.es\/en\/wp-json\/wp\/v2\/product\/51787","targetHints":{"allow":["GET"]}}],"collection":[{"href":"https:\/\/imprimeideas.es\/en\/wp-json\/wp\/v2\/product"}],"about":[{"href":"https:\/\/imprimeideas.es\/en\/wp-json\/wp\/v2\/types\/product"}],"replies":[{"embeddable":true,"href":"https:\/\/imprimeideas.es\/en\/wp-json\/wp\/v2\/comments?post=51787"}],"version-history":[{"count":1,"href":"https:\/\/imprimeideas.es\/en\/wp-json\/wp\/v2\/product\/51787\/revisions"}],"predecessor-version":[{"id":58277,"href":"https:\/\/imprimeideas.es\/en\/wp-json\/wp\/v2\/product\/51787\/revisions\/58277"}],"wp:featuredmedia":[{"embeddable":true,"href":"https:\/\/imprimeideas.es\/en\/wp-json\/wp\/v2\/media\/74172"}],"wp:attachment":[{"href":"https:\/\/imprimeideas.es\/en\/wp-json\/wp\/v2\/media?parent=51787"}],"wp:term":[{"taxonomy":"product_brand","embeddable":true,"href":"https:\/\/imprimeideas.es\/en\/wp-json\/wp\/v2\/product_brand?post=51787"},{"taxonomy":"product_cat","embeddable":true,"href":"https:\/\/imprimeideas.es\/en\/wp-json\/wp\/v2\/product_cat?post=51787"},{"taxonomy":"product_tag","embeddable":true,"href":"https:\/\/imprimeideas.es\/en\/wp-json\/wp\/v2\/product_tag?post=51787"}],"curies":[{"name":"wp","href":"https:\/\/api.w.org\/{rel}","templated":true}]}}