{"id":51776,"date":"2026-02-24T12:44:32","date_gmt":"2026-02-24T11:44:32","guid":{"rendered":"https:\/\/imprimeideas.es\/?post_type=product&p=51776"},"modified":"2026-02-26T18:03:14","modified_gmt":"2026-02-26T17:03:14","slug":"bloc-notas-kolix","status":"publish","type":"product","link":"https:\/\/imprimeideas.es\/en\/product\/bloc-notas-kolix\/","title":{"rendered":"Bloc Notas Kolix"},"content":{"rendered":"<p>Bloc con notas confeccionado en elegante PU. Con tapas r\u00edgidas y 96 hojas con dise\u00f1o punteado. Incluye cinta marcap\u00e1ginas y cinta el\u00e1stica en cubierta para cierre seguro.<\/p>","protected":false},"excerpt":{"rendered":"<p>Portada R\u00edgida. 96 Hojas<\/p>","protected":false},"featured_media":76913,"comment_status":"open","ping_status":"open","template":"","meta":{"inline_featured_image":false},"product_brand":[],"product_cat":[2157,96],"product_tag":[],"class_list":{"0":"post-51776","1":"product","2":"type-product","3":"status-publish","4":"has-post-thumbnail","6":"product_cat-novedades","7":"product_cat-oficina-y-negocios","9":"first","10":"outofstock","11":"taxable","12":"shipping-taxable","13":"purchasable","14":"product-type-variable","15":"has-default-attributes"},"aioseo_notices":[],"_links":{"self":[{"href":"https:\/\/imprimeideas.es\/en\/wp-json\/wp\/v2\/product\/51776","targetHints":{"allow":["GET"]}}],"collection":[{"href":"https:\/\/imprimeideas.es\/en\/wp-json\/wp\/v2\/product"}],"about":[{"href":"https:\/\/imprimeideas.es\/en\/wp-json\/wp\/v2\/types\/product"}],"replies":[{"embeddable":true,"href":"https:\/\/imprimeideas.es\/en\/wp-json\/wp\/v2\/comments?post=51776"}],"version-history":[{"count":1,"href":"https:\/\/imprimeideas.es\/en\/wp-json\/wp\/v2\/product\/51776\/revisions"}],"predecessor-version":[{"id":58461,"href":"https:\/\/imprimeideas.es\/en\/wp-json\/wp\/v2\/product\/51776\/revisions\/58461"}],"wp:featuredmedia":[{"embeddable":true,"href":"https:\/\/imprimeideas.es\/en\/wp-json\/wp\/v2\/media\/76913"}],"wp:attachment":[{"href":"https:\/\/imprimeideas.es\/en\/wp-json\/wp\/v2\/media?parent=51776"}],"wp:term":[{"taxonomy":"product_brand","embeddable":true,"href":"https:\/\/imprimeideas.es\/en\/wp-json\/wp\/v2\/product_brand?post=51776"},{"taxonomy":"product_cat","embeddable":true,"href":"https:\/\/imprimeideas.es\/en\/wp-json\/wp\/v2\/product_cat?post=51776"},{"taxonomy":"product_tag","embeddable":true,"href":"https:\/\/imprimeideas.es\/en\/wp-json\/wp\/v2\/product_tag?post=51776"}],"curies":[{"name":"wp","href":"https:\/\/api.w.org\/{rel}","templated":true}]}}