{"id":51766,"date":"2026-02-24T12:44:31","date_gmt":"2026-02-24T11:44:31","guid":{"rendered":"https:\/\/imprimeideas.es\/?post_type=product&p=51766"},"modified":"2026-02-26T18:03:09","modified_gmt":"2026-02-26T17:03:09","slug":"bloc-notas-rubin","status":"publish","type":"product","link":"https:\/\/imprimeideas.es\/en\/product\/bloc-notas-rubin\/","title":{"rendered":"Bloc Notas Rubin"},"content":{"rendered":"<p>Bloc de notas en tama\u00f1o A5 fabricado en elegante RPET. Portadas r\u00edgidas en acabado tela. Incluye banda el\u00e1stica en la tapa, ideal para sujetar m\u00f3vil y portabol\u00edgrafos el\u00e1stico.  Interior con 80 p\u00e1ginas a disposici\u00f3n de una raya, marcap\u00e1ginas de cinta en combinaci\u00f3n y sobre en las contraportadas.  Incluye bol\u00edgrafo con tinta azul, cuerpo de aluminio acabado goma, clip met\u00e1lico y tiene acci\u00f3n por pulsador en combinaci\u00f3n. Presenta distintivo logotipo RPET.<\/p>","protected":false},"excerpt":{"rendered":"<p>Portada R\u00edgida. 80 Hojas. Bol\u00edgrafo Aluminio Incluido. Acabado Caucho. Carga Jumbo<\/p>","protected":false},"featured_media":78584,"comment_status":"open","ping_status":"open","template":"","meta":{"inline_featured_image":false},"product_brand":[],"product_cat":[96],"product_tag":[],"class_list":{"0":"post-51766","1":"product","2":"type-product","3":"status-publish","4":"has-post-thumbnail","6":"product_cat-oficina-y-negocios","8":"first","9":"instock","10":"taxable","11":"shipping-taxable","12":"purchasable","13":"product-type-variable","14":"has-default-attributes"},"aioseo_notices":[],"_links":{"self":[{"href":"https:\/\/imprimeideas.es\/en\/wp-json\/wp\/v2\/product\/51766","targetHints":{"allow":["GET"]}}],"collection":[{"href":"https:\/\/imprimeideas.es\/en\/wp-json\/wp\/v2\/product"}],"about":[{"href":"https:\/\/imprimeideas.es\/en\/wp-json\/wp\/v2\/types\/product"}],"replies":[{"embeddable":true,"href":"https:\/\/imprimeideas.es\/en\/wp-json\/wp\/v2\/comments?post=51766"}],"version-history":[{"count":1,"href":"https:\/\/imprimeideas.es\/en\/wp-json\/wp\/v2\/product\/51766\/revisions"}],"predecessor-version":[{"id":58278,"href":"https:\/\/imprimeideas.es\/en\/wp-json\/wp\/v2\/product\/51766\/revisions\/58278"}],"wp:featuredmedia":[{"embeddable":true,"href":"https:\/\/imprimeideas.es\/en\/wp-json\/wp\/v2\/media\/78584"}],"wp:attachment":[{"href":"https:\/\/imprimeideas.es\/en\/wp-json\/wp\/v2\/media?parent=51766"}],"wp:term":[{"taxonomy":"product_brand","embeddable":true,"href":"https:\/\/imprimeideas.es\/en\/wp-json\/wp\/v2\/product_brand?post=51766"},{"taxonomy":"product_cat","embeddable":true,"href":"https:\/\/imprimeideas.es\/en\/wp-json\/wp\/v2\/product_cat?post=51766"},{"taxonomy":"product_tag","embeddable":true,"href":"https:\/\/imprimeideas.es\/en\/wp-json\/wp\/v2\/product_tag?post=51766"}],"curies":[{"name":"wp","href":"https:\/\/api.w.org\/{rel}","templated":true}]}}