{"id":51761,"date":"2026-02-24T12:44:30","date_gmt":"2026-02-24T11:44:30","guid":{"rendered":"https:\/\/imprimeideas.es\/?post_type=product&p=51761"},"modified":"2026-02-26T18:08:07","modified_gmt":"2026-02-26T17:08:07","slug":"bidon-grinor","status":"publish","type":"product","link":"https:\/\/imprimeideas.es\/en\/product\/bidon-grinor\/","title":{"rendered":"Bid\u00f3n Grinor"},"content":{"rendered":"<p>Bid\u00f3n fabricado en Tritan de 500 ml de capacidad. Ingeniosa tapadera con resorte de f\u00e1cil apertura pulsando el bot\u00f3n frontal, con cierre de seguridad. Sellado \u00f3ptimo de tap\u00f3n a rosca y asa para un c\u00f3modo transporte.<\/p>","protected":false},"excerpt":{"rendered":"<p>500 ml<\/p>","protected":false},"featured_media":82798,"comment_status":"open","ping_status":"open","template":"","meta":{"inline_featured_image":false},"product_brand":[],"product_cat":[108,98,97],"product_tag":[],"class_list":{"0":"post-51761","1":"product","2":"type-product","3":"status-publish","4":"has-post-thumbnail","6":"product_cat-infantil","7":"product_cat-take-away","8":"product_cat-tazas-jarras-y-termos","10":"first","11":"instock","12":"taxable","13":"shipping-taxable","14":"purchasable","15":"product-type-variable","16":"has-default-attributes"},"aioseo_notices":[],"_links":{"self":[{"href":"https:\/\/imprimeideas.es\/en\/wp-json\/wp\/v2\/product\/51761","targetHints":{"allow":["GET"]}}],"collection":[{"href":"https:\/\/imprimeideas.es\/en\/wp-json\/wp\/v2\/product"}],"about":[{"href":"https:\/\/imprimeideas.es\/en\/wp-json\/wp\/v2\/types\/product"}],"replies":[{"embeddable":true,"href":"https:\/\/imprimeideas.es\/en\/wp-json\/wp\/v2\/comments?post=51761"}],"version-history":[{"count":1,"href":"https:\/\/imprimeideas.es\/en\/wp-json\/wp\/v2\/product\/51761\/revisions"}],"predecessor-version":[{"id":58299,"href":"https:\/\/imprimeideas.es\/en\/wp-json\/wp\/v2\/product\/51761\/revisions\/58299"}],"wp:featuredmedia":[{"embeddable":true,"href":"https:\/\/imprimeideas.es\/en\/wp-json\/wp\/v2\/media\/82798"}],"wp:attachment":[{"href":"https:\/\/imprimeideas.es\/en\/wp-json\/wp\/v2\/media?parent=51761"}],"wp:term":[{"taxonomy":"product_brand","embeddable":true,"href":"https:\/\/imprimeideas.es\/en\/wp-json\/wp\/v2\/product_brand?post=51761"},{"taxonomy":"product_cat","embeddable":true,"href":"https:\/\/imprimeideas.es\/en\/wp-json\/wp\/v2\/product_cat?post=51761"},{"taxonomy":"product_tag","embeddable":true,"href":"https:\/\/imprimeideas.es\/en\/wp-json\/wp\/v2\/product_tag?post=51761"}],"curies":[{"name":"wp","href":"https:\/\/api.w.org\/{rel}","templated":true}]}}