{"id":51738,"date":"2026-02-24T12:44:27","date_gmt":"2026-02-24T11:44:27","guid":{"rendered":"https:\/\/imprimeideas.es\/?post_type=product&p=51738"},"modified":"2026-02-26T18:03:11","modified_gmt":"2026-02-26T17:03:11","slug":"bloc-notas-krixor","status":"publish","type":"product","link":"https:\/\/imprimeideas.es\/en\/product\/bloc-notas-krixor\/","title":{"rendered":"Bloc Notas Krixor"},"content":{"rendered":"<p>Bloc de notas con cubiertas r\u00edgidas y elaborado en PU Reciclado. Con pr\u00e1ctico, soporte para bol\u00edgrafo, marcap\u00e1ginas y cinta el\u00e1stica de cierre a juego. Incluye 100 hojas color crema con disposici\u00f3n a rayas. Con distintivo de PU Reciclado.La PU Reciclado destaca por su resistencia y elasticidad. Este material reciclado y reciclable es una opci\u00f3n sostenible que rescata las fibras desechadas en los procesos de fabricaci\u00f3n, minimizando as\u00ed el desperdicio de material y contribuyendo a su vez a reducir el impacto ambiental, manteniendo a la vez sus propiedades originales.<\/p>","protected":false},"excerpt":{"rendered":"<p>Portada R\u00edgida. 100 Hojas<\/p>","protected":false},"featured_media":53788,"comment_status":"open","ping_status":"open","template":"","meta":{"inline_featured_image":false},"product_brand":[],"product_cat":[2157,96],"product_tag":[],"class_list":{"0":"post-51738","1":"product","2":"type-product","3":"status-publish","4":"has-post-thumbnail","6":"product_cat-novedades","7":"product_cat-oficina-y-negocios","9":"first","10":"instock","11":"taxable","12":"shipping-taxable","13":"purchasable","14":"product-type-variable","15":"has-default-attributes"},"aioseo_notices":[],"_links":{"self":[{"href":"https:\/\/imprimeideas.es\/en\/wp-json\/wp\/v2\/product\/51738","targetHints":{"allow":["GET"]}}],"collection":[{"href":"https:\/\/imprimeideas.es\/en\/wp-json\/wp\/v2\/product"}],"about":[{"href":"https:\/\/imprimeideas.es\/en\/wp-json\/wp\/v2\/types\/product"}],"replies":[{"embeddable":true,"href":"https:\/\/imprimeideas.es\/en\/wp-json\/wp\/v2\/comments?post=51738"}],"version-history":[{"count":1,"href":"https:\/\/imprimeideas.es\/en\/wp-json\/wp\/v2\/product\/51738\/revisions"}],"predecessor-version":[{"id":58341,"href":"https:\/\/imprimeideas.es\/en\/wp-json\/wp\/v2\/product\/51738\/revisions\/58341"}],"wp:featuredmedia":[{"embeddable":true,"href":"https:\/\/imprimeideas.es\/en\/wp-json\/wp\/v2\/media\/53788"}],"wp:attachment":[{"href":"https:\/\/imprimeideas.es\/en\/wp-json\/wp\/v2\/media?parent=51738"}],"wp:term":[{"taxonomy":"product_brand","embeddable":true,"href":"https:\/\/imprimeideas.es\/en\/wp-json\/wp\/v2\/product_brand?post=51738"},{"taxonomy":"product_cat","embeddable":true,"href":"https:\/\/imprimeideas.es\/en\/wp-json\/wp\/v2\/product_cat?post=51738"},{"taxonomy":"product_tag","embeddable":true,"href":"https:\/\/imprimeideas.es\/en\/wp-json\/wp\/v2\/product_tag?post=51738"}],"curies":[{"name":"wp","href":"https:\/\/api.w.org\/{rel}","templated":true}]}}