{"id":51730,"date":"2026-02-24T12:44:26","date_gmt":"2026-02-24T11:44:26","guid":{"rendered":"https:\/\/imprimeideas.es\/?post_type=product&p=51730"},"modified":"2026-02-26T18:08:04","modified_gmt":"2026-02-26T17:08:04","slug":"vaso-termico-acuma","status":"publish","type":"product","link":"https:\/\/imprimeideas.es\/en\/product\/vaso-termico-acuma\/","title":{"rendered":"Vaso T\u00e9rmico Acuma"},"content":{"rendered":"<p>Vaso t\u00e9rmico con capacidad de 300 ml, fabricado en Acero Inoxidable Reciclado y PP reciclado con doble pared. Cuenta con tapadera de seguridad para un cierre herm\u00e9tico. Incluye pr\u00e1ctica asa de poli\u00e9ster para f\u00e1cil transporte Libre de BPA. Incluye distintivo Acero Inox Reciclado.<\/p>","protected":false},"excerpt":{"rendered":"<p>300 ml<\/p>","protected":false},"featured_media":53766,"comment_status":"open","ping_status":"open","template":"","meta":{"inline_featured_image":false},"product_brand":[],"product_cat":[97],"product_tag":[],"class_list":{"0":"post-51730","1":"product","2":"type-product","3":"status-publish","4":"has-post-thumbnail","6":"product_cat-tazas-jarras-y-termos","8":"first","9":"instock","10":"taxable","11":"shipping-taxable","12":"purchasable","13":"product-type-variable","14":"has-default-attributes"},"aioseo_notices":[],"_links":{"self":[{"href":"https:\/\/imprimeideas.es\/en\/wp-json\/wp\/v2\/product\/51730","targetHints":{"allow":["GET"]}}],"collection":[{"href":"https:\/\/imprimeideas.es\/en\/wp-json\/wp\/v2\/product"}],"about":[{"href":"https:\/\/imprimeideas.es\/en\/wp-json\/wp\/v2\/types\/product"}],"replies":[{"embeddable":true,"href":"https:\/\/imprimeideas.es\/en\/wp-json\/wp\/v2\/comments?post=51730"}],"version-history":[{"count":1,"href":"https:\/\/imprimeideas.es\/en\/wp-json\/wp\/v2\/product\/51730\/revisions"}],"predecessor-version":[{"id":58347,"href":"https:\/\/imprimeideas.es\/en\/wp-json\/wp\/v2\/product\/51730\/revisions\/58347"}],"wp:featuredmedia":[{"embeddable":true,"href":"https:\/\/imprimeideas.es\/en\/wp-json\/wp\/v2\/media\/53766"}],"wp:attachment":[{"href":"https:\/\/imprimeideas.es\/en\/wp-json\/wp\/v2\/media?parent=51730"}],"wp:term":[{"taxonomy":"product_brand","embeddable":true,"href":"https:\/\/imprimeideas.es\/en\/wp-json\/wp\/v2\/product_brand?post=51730"},{"taxonomy":"product_cat","embeddable":true,"href":"https:\/\/imprimeideas.es\/en\/wp-json\/wp\/v2\/product_cat?post=51730"},{"taxonomy":"product_tag","embeddable":true,"href":"https:\/\/imprimeideas.es\/en\/wp-json\/wp\/v2\/product_tag?post=51730"}],"curies":[{"name":"wp","href":"https:\/\/api.w.org\/{rel}","templated":true}]}}