{"id":51726,"date":"2026-02-24T12:44:25","date_gmt":"2026-02-24T11:44:25","guid":{"rendered":"https:\/\/imprimeideas.es\/?post_type=product&p=51726"},"modified":"2026-02-26T18:03:09","modified_gmt":"2026-02-26T17:03:09","slug":"linterna-luvaron","status":"publish","type":"product","link":"https:\/\/imprimeideas.es\/en\/product\/linterna-luvaron\/","title":{"rendered":"Linterna Luvaron"},"content":{"rendered":"<p>Linterna fabricada en ABS con mosquet\u00f3n de transporte. 4 LEDs, sistema de encendido de bot\u00f3n y 8 luces COB. 7 posiciones de luz fija e intermitente. Pr\u00e1ctica asa de transporte en parte inferior.  Bater\u00eda recargable de 400mAh, con cable de carga Tipo C incluido de 5V.<\/p>","protected":false},"excerpt":{"rendered":"<p>4 Ledes. 8 Luces COB. 7 Posiciones de Luz, Fija e Intermitente. Bater\u00eda 400 mAh<\/p>","protected":false},"featured_media":68085,"comment_status":"open","ping_status":"open","template":"","meta":{"inline_featured_image":false},"product_brand":[],"product_cat":[2157,110,106],"product_tag":[],"class_list":{"0":"post-51726","1":"product","2":"type-product","3":"status-publish","4":"has-post-thumbnail","6":"product_cat-novedades","7":"product_cat-herramientas-brico-y-automovil","8":"product_cat-regalos-y-premiums","10":"first","11":"outofstock","12":"taxable","13":"shipping-taxable","14":"purchasable","15":"product-type-variable","16":"has-default-attributes"},"aioseo_notices":[],"_links":{"self":[{"href":"https:\/\/imprimeideas.es\/en\/wp-json\/wp\/v2\/product\/51726","targetHints":{"allow":["GET"]}}],"collection":[{"href":"https:\/\/imprimeideas.es\/en\/wp-json\/wp\/v2\/product"}],"about":[{"href":"https:\/\/imprimeideas.es\/en\/wp-json\/wp\/v2\/types\/product"}],"replies":[{"embeddable":true,"href":"https:\/\/imprimeideas.es\/en\/wp-json\/wp\/v2\/comments?post=51726"}],"version-history":[{"count":1,"href":"https:\/\/imprimeideas.es\/en\/wp-json\/wp\/v2\/product\/51726\/revisions"}],"predecessor-version":[{"id":58392,"href":"https:\/\/imprimeideas.es\/en\/wp-json\/wp\/v2\/product\/51726\/revisions\/58392"}],"wp:featuredmedia":[{"embeddable":true,"href":"https:\/\/imprimeideas.es\/en\/wp-json\/wp\/v2\/media\/68085"}],"wp:attachment":[{"href":"https:\/\/imprimeideas.es\/en\/wp-json\/wp\/v2\/media?parent=51726"}],"wp:term":[{"taxonomy":"product_brand","embeddable":true,"href":"https:\/\/imprimeideas.es\/en\/wp-json\/wp\/v2\/product_brand?post=51726"},{"taxonomy":"product_cat","embeddable":true,"href":"https:\/\/imprimeideas.es\/en\/wp-json\/wp\/v2\/product_cat?post=51726"},{"taxonomy":"product_tag","embeddable":true,"href":"https:\/\/imprimeideas.es\/en\/wp-json\/wp\/v2\/product_tag?post=51726"}],"curies":[{"name":"wp","href":"https:\/\/api.w.org\/{rel}","templated":true}]}}