{"id":51714,"date":"2026-02-24T12:44:23","date_gmt":"2026-02-24T11:44:23","guid":{"rendered":"https:\/\/imprimeideas.es\/?post_type=product&p=51714"},"modified":"2026-02-26T18:03:08","modified_gmt":"2026-02-26T17:03:08","slug":"balon-nunix","status":"publish","type":"product","link":"https:\/\/imprimeideas.es\/en\/product\/balon-nunix\/","title":{"rendered":"Bal\u00f3n Nunix"},"content":{"rendered":"<p>Bal\u00f3n de f\u00fatbol en suave polipiel. Tama\u00f1o: 5. De dise\u00f1o bicolor con paneles hexagonales en color s\u00f3lido y paneles pentagonales en color negro.<\/p>","protected":false},"excerpt":{"rendered":"<p>Tama\u00f1o: 5<\/p>","protected":false},"featured_media":70255,"comment_status":"open","ping_status":"open","template":"","meta":{"inline_featured_image":false},"product_brand":[],"product_cat":[2157,101,108],"product_tag":[],"class_list":{"0":"post-51714","1":"product","2":"type-product","3":"status-publish","4":"has-post-thumbnail","6":"product_cat-novedades","7":"product_cat-deporte-y-aventura","8":"product_cat-infantil","10":"first","11":"instock","12":"taxable","13":"shipping-taxable","14":"purchasable","15":"product-type-variable","16":"has-default-attributes"},"aioseo_notices":[],"_links":{"self":[{"href":"https:\/\/imprimeideas.es\/en\/wp-json\/wp\/v2\/product\/51714","targetHints":{"allow":["GET"]}}],"collection":[{"href":"https:\/\/imprimeideas.es\/en\/wp-json\/wp\/v2\/product"}],"about":[{"href":"https:\/\/imprimeideas.es\/en\/wp-json\/wp\/v2\/types\/product"}],"replies":[{"embeddable":true,"href":"https:\/\/imprimeideas.es\/en\/wp-json\/wp\/v2\/comments?post=51714"}],"version-history":[{"count":1,"href":"https:\/\/imprimeideas.es\/en\/wp-json\/wp\/v2\/product\/51714\/revisions"}],"predecessor-version":[{"id":58346,"href":"https:\/\/imprimeideas.es\/en\/wp-json\/wp\/v2\/product\/51714\/revisions\/58346"}],"wp:featuredmedia":[{"embeddable":true,"href":"https:\/\/imprimeideas.es\/en\/wp-json\/wp\/v2\/media\/70255"}],"wp:attachment":[{"href":"https:\/\/imprimeideas.es\/en\/wp-json\/wp\/v2\/media?parent=51714"}],"wp:term":[{"taxonomy":"product_brand","embeddable":true,"href":"https:\/\/imprimeideas.es\/en\/wp-json\/wp\/v2\/product_brand?post=51714"},{"taxonomy":"product_cat","embeddable":true,"href":"https:\/\/imprimeideas.es\/en\/wp-json\/wp\/v2\/product_cat?post=51714"},{"taxonomy":"product_tag","embeddable":true,"href":"https:\/\/imprimeideas.es\/en\/wp-json\/wp\/v2\/product_tag?post=51714"}],"curies":[{"name":"wp","href":"https:\/\/api.w.org\/{rel}","templated":true}]}}