{"id":51706,"date":"2026-02-24T12:44:22","date_gmt":"2026-02-24T11:44:22","guid":{"rendered":"https:\/\/imprimeideas.es\/?post_type=product&p=51706"},"modified":"2026-02-26T18:03:11","modified_gmt":"2026-02-26T17:03:11","slug":"bolsa-nevera-fonzor","status":"publish","type":"product","link":"https:\/\/imprimeideas.es\/en\/product\/bolsa-nevera-fonzor\/","title":{"rendered":"Bolsa Nevera Fonzor"},"content":{"rendered":"<p>Bolsa nevera confeccionada en neopreno con cierre de cremallera, mantiene la temperatura del interior. Asas de mano que hace m\u00e1s f\u00e1cil su transporte. Tama\u00f1o compacto ideal para actividades al aire libre, eventos, almuerzos, etc.<\/p>","protected":false},"excerpt":{"rendered":"<p>Bolsa nevera confeccionada en neopreno con cierre de cremallera, mantiene la temperatura del interior. Asas de mano que hace m\u00e1s<\/p>","protected":false},"featured_media":74010,"comment_status":"open","ping_status":"open","template":"","meta":{"inline_featured_image":false},"product_brand":[],"product_cat":[98],"product_tag":[],"class_list":{"0":"post-51706","1":"product","2":"type-product","3":"status-publish","4":"has-post-thumbnail","6":"product_cat-take-away","8":"first","9":"instock","10":"taxable","11":"shipping-taxable","12":"purchasable","13":"product-type-variable","14":"has-default-attributes"},"aioseo_notices":[],"_links":{"self":[{"href":"https:\/\/imprimeideas.es\/en\/wp-json\/wp\/v2\/product\/51706","targetHints":{"allow":["GET"]}}],"collection":[{"href":"https:\/\/imprimeideas.es\/en\/wp-json\/wp\/v2\/product"}],"about":[{"href":"https:\/\/imprimeideas.es\/en\/wp-json\/wp\/v2\/types\/product"}],"replies":[{"embeddable":true,"href":"https:\/\/imprimeideas.es\/en\/wp-json\/wp\/v2\/comments?post=51706"}],"version-history":[{"count":1,"href":"https:\/\/imprimeideas.es\/en\/wp-json\/wp\/v2\/product\/51706\/revisions"}],"predecessor-version":[{"id":58300,"href":"https:\/\/imprimeideas.es\/en\/wp-json\/wp\/v2\/product\/51706\/revisions\/58300"}],"wp:featuredmedia":[{"embeddable":true,"href":"https:\/\/imprimeideas.es\/en\/wp-json\/wp\/v2\/media\/74010"}],"wp:attachment":[{"href":"https:\/\/imprimeideas.es\/en\/wp-json\/wp\/v2\/media?parent=51706"}],"wp:term":[{"taxonomy":"product_brand","embeddable":true,"href":"https:\/\/imprimeideas.es\/en\/wp-json\/wp\/v2\/product_brand?post=51706"},{"taxonomy":"product_cat","embeddable":true,"href":"https:\/\/imprimeideas.es\/en\/wp-json\/wp\/v2\/product_cat?post=51706"},{"taxonomy":"product_tag","embeddable":true,"href":"https:\/\/imprimeideas.es\/en\/wp-json\/wp\/v2\/product_tag?post=51706"}],"curies":[{"name":"wp","href":"https:\/\/api.w.org\/{rel}","templated":true}]}}