{"id":51702,"date":"2026-02-24T12:44:22","date_gmt":"2026-02-24T11:44:22","guid":{"rendered":"https:\/\/imprimeideas.es\/?post_type=product&p=51702"},"modified":"2026-02-26T18:03:14","modified_gmt":"2026-02-26T17:03:14","slug":"nevera-elvano","status":"publish","type":"product","link":"https:\/\/imprimeideas.es\/en\/product\/nevera-elvano\/","title":{"rendered":"Nevera Elvano"},"content":{"rendered":"<p>Nevera confeccionada en 600D RPET. Dise\u00f1o original y hebilla en ambos extremos, que facilita el transporte y aporta mayor funcionalidad en su uso. Cuenta con un compartimento interior principal t\u00e9rmico. Incluye etiqueta RPET.El material RPET se elabora a partir de pl\u00e1stico reciclado, para as\u00ed fomentar la reutilizaci\u00f3n de residuos pl\u00e1sticos y ayudar a la sostenibilidad del planeta.<\/p>","protected":false},"excerpt":{"rendered":"<p>Nevera confeccionada en 600D RPET. Dise\u00f1o original y hebilla en ambos extremos, que facilita el transporte y aporta mayor funcionalidad<\/p>","protected":false},"featured_media":53757,"comment_status":"open","ping_status":"open","template":"","meta":{"inline_featured_image":false},"product_brand":[],"product_cat":[2157,98],"product_tag":[],"class_list":{"0":"post-51702","1":"product","2":"type-product","3":"status-publish","4":"has-post-thumbnail","6":"product_cat-novedades","7":"product_cat-take-away","9":"first","10":"instock","11":"taxable","12":"shipping-taxable","13":"purchasable","14":"product-type-variable","15":"has-default-attributes"},"aioseo_notices":[],"_links":{"self":[{"href":"https:\/\/imprimeideas.es\/en\/wp-json\/wp\/v2\/product\/51702","targetHints":{"allow":["GET"]}}],"collection":[{"href":"https:\/\/imprimeideas.es\/en\/wp-json\/wp\/v2\/product"}],"about":[{"href":"https:\/\/imprimeideas.es\/en\/wp-json\/wp\/v2\/types\/product"}],"replies":[{"embeddable":true,"href":"https:\/\/imprimeideas.es\/en\/wp-json\/wp\/v2\/comments?post=51702"}],"version-history":[{"count":1,"href":"https:\/\/imprimeideas.es\/en\/wp-json\/wp\/v2\/product\/51702\/revisions"}],"predecessor-version":[{"id":58310,"href":"https:\/\/imprimeideas.es\/en\/wp-json\/wp\/v2\/product\/51702\/revisions\/58310"}],"wp:featuredmedia":[{"embeddable":true,"href":"https:\/\/imprimeideas.es\/en\/wp-json\/wp\/v2\/media\/53757"}],"wp:attachment":[{"href":"https:\/\/imprimeideas.es\/en\/wp-json\/wp\/v2\/media?parent=51702"}],"wp:term":[{"taxonomy":"product_brand","embeddable":true,"href":"https:\/\/imprimeideas.es\/en\/wp-json\/wp\/v2\/product_brand?post=51702"},{"taxonomy":"product_cat","embeddable":true,"href":"https:\/\/imprimeideas.es\/en\/wp-json\/wp\/v2\/product_cat?post=51702"},{"taxonomy":"product_tag","embeddable":true,"href":"https:\/\/imprimeideas.es\/en\/wp-json\/wp\/v2\/product_tag?post=51702"}],"curies":[{"name":"wp","href":"https:\/\/api.w.org\/{rel}","templated":true}]}}