{"id":51700,"date":"2026-02-24T12:44:21","date_gmt":"2026-02-24T11:44:21","guid":{"rendered":"https:\/\/imprimeideas.es\/?post_type=product&p=51700"},"modified":"2026-02-26T18:03:03","modified_gmt":"2026-02-26T17:03:03","slug":"libreta-borrable-gratox","status":"publish","type":"product","link":"https:\/\/imprimeideas.es\/en\/product\/libreta-borrable-gratox\/","title":{"rendered":"Libreta Borrable Gratox"},"content":{"rendered":"<p>Libreta y bol\u00edgrafo borrable con pa\u00f1o limpiador incluido con el que disfrutar de una escritura fluida y dejar margen para el error. Libreta en PP de 18 p\u00e1ginas con anillas met\u00e1licas. Bol\u00edgrafo de cartucho jumbo y en tinta negra. Permite escribir, borrar y reescribir sin da\u00f1ar los documentos. Fabricado en resistente ABS de acabado transparente.<\/p>","protected":false},"excerpt":{"rendered":"<p>18 Hojas. Bol\u00edgrafo Borrable Tinta Negra y Pa\u00f1o Limpiador Incluido<\/p>","protected":false},"featured_media":61802,"comment_status":"open","ping_status":"open","template":"","meta":{"inline_featured_image":false},"product_brand":[],"product_cat":[108,96],"product_tag":[],"class_list":{"0":"post-51700","1":"product","2":"type-product","3":"status-publish","4":"has-post-thumbnail","6":"product_cat-infantil","7":"product_cat-oficina-y-negocios","9":"first","10":"outofstock","11":"taxable","12":"shipping-taxable","13":"purchasable","14":"product-type-variable","15":"has-default-attributes"},"aioseo_notices":[],"_links":{"self":[{"href":"https:\/\/imprimeideas.es\/en\/wp-json\/wp\/v2\/product\/51700","targetHints":{"allow":["GET"]}}],"collection":[{"href":"https:\/\/imprimeideas.es\/en\/wp-json\/wp\/v2\/product"}],"about":[{"href":"https:\/\/imprimeideas.es\/en\/wp-json\/wp\/v2\/types\/product"}],"replies":[{"embeddable":true,"href":"https:\/\/imprimeideas.es\/en\/wp-json\/wp\/v2\/comments?post=51700"}],"version-history":[{"count":1,"href":"https:\/\/imprimeideas.es\/en\/wp-json\/wp\/v2\/product\/51700\/revisions"}],"predecessor-version":[{"id":58296,"href":"https:\/\/imprimeideas.es\/en\/wp-json\/wp\/v2\/product\/51700\/revisions\/58296"}],"wp:featuredmedia":[{"embeddable":true,"href":"https:\/\/imprimeideas.es\/en\/wp-json\/wp\/v2\/media\/61802"}],"wp:attachment":[{"href":"https:\/\/imprimeideas.es\/en\/wp-json\/wp\/v2\/media?parent=51700"}],"wp:term":[{"taxonomy":"product_brand","embeddable":true,"href":"https:\/\/imprimeideas.es\/en\/wp-json\/wp\/v2\/product_brand?post=51700"},{"taxonomy":"product_cat","embeddable":true,"href":"https:\/\/imprimeideas.es\/en\/wp-json\/wp\/v2\/product_cat?post=51700"},{"taxonomy":"product_tag","embeddable":true,"href":"https:\/\/imprimeideas.es\/en\/wp-json\/wp\/v2\/product_tag?post=51700"}],"curies":[{"name":"wp","href":"https:\/\/api.w.org\/{rel}","templated":true}]}}