{"id":51698,"date":"2026-02-24T12:44:21","date_gmt":"2026-02-24T11:44:21","guid":{"rendered":"https:\/\/imprimeideas.es\/?post_type=product&p=51698"},"modified":"2026-02-26T18:03:08","modified_gmt":"2026-02-26T17:03:08","slug":"juego-caiden","status":"publish","type":"product","link":"https:\/\/imprimeideas.es\/en\/product\/juego-caiden\/","title":{"rendered":"Juego Caiden"},"content":{"rendered":"<p>Juego de 4 en raya fabricado en madera. Ideal para disfrutar en cualquier momento, ya sea en casa o al aire libre, con amigos en familia o en eventos. Incluye 42 fichas, 21 fichas en color azul y en color rojo. F\u00e1cil de montar y desmontar, ofrece un compartimento para guardar fichas. Un juego que combina diversi\u00f3n y est\u00e9tica.<\/p>","protected":false},"excerpt":{"rendered":"<p>42 Piezas<\/p>","protected":false},"featured_media":79247,"comment_status":"open","ping_status":"open","template":"","meta":{"inline_featured_image":false},"product_brand":[],"product_cat":[108],"product_tag":[],"class_list":{"0":"post-51698","1":"product","2":"type-product","3":"status-publish","4":"has-post-thumbnail","6":"product_cat-infantil","8":"first","9":"instock","10":"taxable","11":"shipping-taxable","12":"purchasable","13":"product-type-variable","14":"has-default-attributes"},"aioseo_notices":[],"_links":{"self":[{"href":"https:\/\/imprimeideas.es\/en\/wp-json\/wp\/v2\/product\/51698","targetHints":{"allow":["GET"]}}],"collection":[{"href":"https:\/\/imprimeideas.es\/en\/wp-json\/wp\/v2\/product"}],"about":[{"href":"https:\/\/imprimeideas.es\/en\/wp-json\/wp\/v2\/types\/product"}],"replies":[{"embeddable":true,"href":"https:\/\/imprimeideas.es\/en\/wp-json\/wp\/v2\/comments?post=51698"}],"version-history":[{"count":1,"href":"https:\/\/imprimeideas.es\/en\/wp-json\/wp\/v2\/product\/51698\/revisions"}],"predecessor-version":[{"id":58298,"href":"https:\/\/imprimeideas.es\/en\/wp-json\/wp\/v2\/product\/51698\/revisions\/58298"}],"wp:featuredmedia":[{"embeddable":true,"href":"https:\/\/imprimeideas.es\/en\/wp-json\/wp\/v2\/media\/79247"}],"wp:attachment":[{"href":"https:\/\/imprimeideas.es\/en\/wp-json\/wp\/v2\/media?parent=51698"}],"wp:term":[{"taxonomy":"product_brand","embeddable":true,"href":"https:\/\/imprimeideas.es\/en\/wp-json\/wp\/v2\/product_brand?post=51698"},{"taxonomy":"product_cat","embeddable":true,"href":"https:\/\/imprimeideas.es\/en\/wp-json\/wp\/v2\/product_cat?post=51698"},{"taxonomy":"product_tag","embeddable":true,"href":"https:\/\/imprimeideas.es\/en\/wp-json\/wp\/v2\/product_tag?post=51698"}],"curies":[{"name":"wp","href":"https:\/\/api.w.org\/{rel}","templated":true}]}}