{"id":51692,"date":"2026-02-24T12:44:20","date_gmt":"2026-02-24T11:44:20","guid":{"rendered":"https:\/\/imprimeideas.es\/?post_type=product&p=51692"},"modified":"2026-02-26T18:03:08","modified_gmt":"2026-02-26T17:03:08","slug":"linterna-trakip","status":"publish","type":"product","link":"https:\/\/imprimeideas.es\/en\/product\/linterna-trakip\/","title":{"rendered":"Linterna Trakip"},"content":{"rendered":"<p>Linterna en ABS Reciclado con carga solar y carga manual con sistema dinamo ajustable de 360\u00b0. Dispone de 3 LEDs de luz blanca alimentada tanto por panel solar recargable como por 3 pilas de tipo bot\u00f3n de 40mAh. Incluye una funcional asa de agarre en forma de mosquet\u00f3n pudiendo ser f\u00e1cil de transportar. Una soluci\u00f3n pr\u00e1ctica para mantenerse siempre preparado.<\/p>","protected":false},"excerpt":{"rendered":"<p>3 Ledes. Carga Solar y Manual. Bater\u00eda 40 mAh<\/p>","protected":false},"featured_media":78846,"comment_status":"open","ping_status":"open","template":"","meta":{"inline_featured_image":false},"product_brand":[],"product_cat":[101,110,106],"product_tag":[],"class_list":{"0":"post-51692","1":"product","2":"type-product","3":"status-publish","4":"has-post-thumbnail","6":"product_cat-deporte-y-aventura","7":"product_cat-herramientas-brico-y-automovil","8":"product_cat-regalos-y-premiums","10":"first","11":"instock","12":"taxable","13":"shipping-taxable","14":"purchasable","15":"product-type-variable","16":"has-default-attributes"},"aioseo_notices":[],"_links":{"self":[{"href":"https:\/\/imprimeideas.es\/en\/wp-json\/wp\/v2\/product\/51692","targetHints":{"allow":["GET"]}}],"collection":[{"href":"https:\/\/imprimeideas.es\/en\/wp-json\/wp\/v2\/product"}],"about":[{"href":"https:\/\/imprimeideas.es\/en\/wp-json\/wp\/v2\/types\/product"}],"replies":[{"embeddable":true,"href":"https:\/\/imprimeideas.es\/en\/wp-json\/wp\/v2\/comments?post=51692"}],"version-history":[{"count":1,"href":"https:\/\/imprimeideas.es\/en\/wp-json\/wp\/v2\/product\/51692\/revisions"}],"predecessor-version":[{"id":58291,"href":"https:\/\/imprimeideas.es\/en\/wp-json\/wp\/v2\/product\/51692\/revisions\/58291"}],"wp:featuredmedia":[{"embeddable":true,"href":"https:\/\/imprimeideas.es\/en\/wp-json\/wp\/v2\/media\/78846"}],"wp:attachment":[{"href":"https:\/\/imprimeideas.es\/en\/wp-json\/wp\/v2\/media?parent=51692"}],"wp:term":[{"taxonomy":"product_brand","embeddable":true,"href":"https:\/\/imprimeideas.es\/en\/wp-json\/wp\/v2\/product_brand?post=51692"},{"taxonomy":"product_cat","embeddable":true,"href":"https:\/\/imprimeideas.es\/en\/wp-json\/wp\/v2\/product_cat?post=51692"},{"taxonomy":"product_tag","embeddable":true,"href":"https:\/\/imprimeideas.es\/en\/wp-json\/wp\/v2\/product_tag?post=51692"}],"curies":[{"name":"wp","href":"https:\/\/api.w.org\/{rel}","templated":true}]}}