{"id":51688,"date":"2026-02-24T12:44:20","date_gmt":"2026-02-24T11:44:20","guid":{"rendered":"https:\/\/imprimeideas.es\/?post_type=product&p=51688"},"modified":"2026-02-26T18:03:11","modified_gmt":"2026-02-26T17:03:11","slug":"taza-hindy","status":"publish","type":"product","link":"https:\/\/imprimeideas.es\/en\/product\/taza-hindy\/","title":{"rendered":"Taza Hindy"},"content":{"rendered":"<p>Taza de cer\u00e1mica con dise\u00f1o de bal\u00f3n de futbol cl\u00e1sico con 440 ml de capacidad.<\/p>","protected":false},"excerpt":{"rendered":"<p>440 ml<\/p>","protected":false},"featured_media":68817,"comment_status":"open","ping_status":"open","template":"","meta":{"inline_featured_image":false},"product_brand":[],"product_cat":[2157,101,108,97],"product_tag":[],"class_list":{"0":"post-51688","1":"product","2":"type-product","3":"status-publish","4":"has-post-thumbnail","6":"product_cat-novedades","7":"product_cat-deporte-y-aventura","8":"product_cat-infantil","9":"product_cat-tazas-jarras-y-termos","11":"first","12":"outofstock","13":"taxable","14":"shipping-taxable","15":"purchasable","16":"product-type-variable","17":"has-default-attributes"},"aioseo_notices":[],"_links":{"self":[{"href":"https:\/\/imprimeideas.es\/en\/wp-json\/wp\/v2\/product\/51688","targetHints":{"allow":["GET"]}}],"collection":[{"href":"https:\/\/imprimeideas.es\/en\/wp-json\/wp\/v2\/product"}],"about":[{"href":"https:\/\/imprimeideas.es\/en\/wp-json\/wp\/v2\/types\/product"}],"replies":[{"embeddable":true,"href":"https:\/\/imprimeideas.es\/en\/wp-json\/wp\/v2\/comments?post=51688"}],"version-history":[{"count":1,"href":"https:\/\/imprimeideas.es\/en\/wp-json\/wp\/v2\/product\/51688\/revisions"}],"predecessor-version":[{"id":58483,"href":"https:\/\/imprimeideas.es\/en\/wp-json\/wp\/v2\/product\/51688\/revisions\/58483"}],"wp:featuredmedia":[{"embeddable":true,"href":"https:\/\/imprimeideas.es\/en\/wp-json\/wp\/v2\/media\/68817"}],"wp:attachment":[{"href":"https:\/\/imprimeideas.es\/en\/wp-json\/wp\/v2\/media?parent=51688"}],"wp:term":[{"taxonomy":"product_brand","embeddable":true,"href":"https:\/\/imprimeideas.es\/en\/wp-json\/wp\/v2\/product_brand?post=51688"},{"taxonomy":"product_cat","embeddable":true,"href":"https:\/\/imprimeideas.es\/en\/wp-json\/wp\/v2\/product_cat?post=51688"},{"taxonomy":"product_tag","embeddable":true,"href":"https:\/\/imprimeideas.es\/en\/wp-json\/wp\/v2\/product_tag?post=51688"}],"curies":[{"name":"wp","href":"https:\/\/api.w.org\/{rel}","templated":true}]}}