{"id":51635,"date":"2026-02-24T12:44:12","date_gmt":"2026-02-24T11:44:12","guid":{"rendered":"https:\/\/imprimeideas.es\/?post_type=product&p=51635"},"modified":"2026-02-26T18:32:58","modified_gmt":"2026-02-26T17:32:58","slug":"set-escan","status":"publish","type":"product","link":"https:\/\/imprimeideas.es\/en\/product\/set-escan\/","title":{"rendered":"Set Escan"},"content":{"rendered":"<p>Set de paraguas y bolsa fabricado en RPET. Paraguas con practica bolsa con funcionalidad 2-1.Paraguas plegable con 100cm de di\u00e1metro. En material pongee 190T RPET y mango de suave ABS negro con cinta de mu\u00f1eca para mayor seguridad. De apertura manual, con sistema antiviento y varillas en fibra de vidrio en color negro. Con etiqueta distintiva RPET.Bolsa fabricada en RPET Pongee 190T, con bolsillo en el lateral. Resistente a la lluvia. Con cremallera metalizada para guardar el paraguas y mantener seco el contenido de la bolsa. Ofrece una soluci\u00f3n pr\u00e1ctica y vers\u00e1til para los d\u00edas de lluvia, cuando no se est\u00e1 utilizando se enrolla actuando como funda para el paraguas. Con etiqueta distintiva RPET.<\/p>","protected":false},"excerpt":{"rendered":"<p>21&#8243;. Sistema Antiviento<\/p>","protected":false},"featured_media":70433,"comment_status":"open","ping_status":"open","template":"","meta":{"inline_featured_image":false},"product_brand":[],"product_cat":[118],"product_tag":[],"class_list":{"0":"post-51635","1":"product","2":"type-product","3":"status-publish","4":"has-post-thumbnail","6":"product_cat-lluvia-y-frio","8":"first","9":"outofstock","10":"taxable","11":"shipping-taxable","12":"purchasable","13":"product-type-variable","14":"has-default-attributes"},"aioseo_notices":[],"_links":{"self":[{"href":"https:\/\/imprimeideas.es\/en\/wp-json\/wp\/v2\/product\/51635","targetHints":{"allow":["GET"]}}],"collection":[{"href":"https:\/\/imprimeideas.es\/en\/wp-json\/wp\/v2\/product"}],"about":[{"href":"https:\/\/imprimeideas.es\/en\/wp-json\/wp\/v2\/types\/product"}],"replies":[{"embeddable":true,"href":"https:\/\/imprimeideas.es\/en\/wp-json\/wp\/v2\/comments?post=51635"}],"version-history":[{"count":1,"href":"https:\/\/imprimeideas.es\/en\/wp-json\/wp\/v2\/product\/51635\/revisions"}],"predecessor-version":[{"id":58285,"href":"https:\/\/imprimeideas.es\/en\/wp-json\/wp\/v2\/product\/51635\/revisions\/58285"}],"wp:featuredmedia":[{"embeddable":true,"href":"https:\/\/imprimeideas.es\/en\/wp-json\/wp\/v2\/media\/70433"}],"wp:attachment":[{"href":"https:\/\/imprimeideas.es\/en\/wp-json\/wp\/v2\/media?parent=51635"}],"wp:term":[{"taxonomy":"product_brand","embeddable":true,"href":"https:\/\/imprimeideas.es\/en\/wp-json\/wp\/v2\/product_brand?post=51635"},{"taxonomy":"product_cat","embeddable":true,"href":"https:\/\/imprimeideas.es\/en\/wp-json\/wp\/v2\/product_cat?post=51635"},{"taxonomy":"product_tag","embeddable":true,"href":"https:\/\/imprimeideas.es\/en\/wp-json\/wp\/v2\/product_tag?post=51635"}],"curies":[{"name":"wp","href":"https:\/\/api.w.org\/{rel}","templated":true}]}}