{"id":51629,"date":"2026-02-24T12:44:11","date_gmt":"2026-02-24T11:44:11","guid":{"rendered":"https:\/\/imprimeideas.es\/?post_type=product&p=51629"},"modified":"2026-02-26T18:03:08","modified_gmt":"2026-02-26T17:03:08","slug":"mochila-pareo-borinex","status":"publish","type":"product","link":"https:\/\/imprimeideas.es\/en\/product\/mochila-pareo-borinex\/","title":{"rendered":"Mochila Pareo Borinex"},"content":{"rendered":"<p>Mochila pareo de 180x 90cm en suave Algod\u00f3n Reciclado de 170g\/m2 con dise\u00f1o a un color a conjunto con la mochila. Pareo con plegado especial que se recoge en mochila de cuerdas para c\u00f3modo transporte. Con logotipo Algod\u00f3n Reciclado en etiqueta exterior.<\/p>","protected":false},"excerpt":{"rendered":"<p>Mochila pareo de 180x 90cm en suave Algod\u00f3n Reciclado de 170g\/m2 con dise\u00f1o a un color a conjunto con la<\/p>","protected":false},"featured_media":78880,"comment_status":"open","ping_status":"open","template":"","meta":{"inline_featured_image":false},"product_brand":[],"product_cat":[2157,114],"product_tag":[],"class_list":{"0":"post-51629","1":"product","2":"type-product","3":"status-publish","4":"has-post-thumbnail","6":"product_cat-novedades","7":"product_cat-verano-y-playa","9":"first","10":"instock","11":"taxable","12":"shipping-taxable","13":"purchasable","14":"product-type-variable","15":"has-default-attributes"},"aioseo_notices":[],"_links":{"self":[{"href":"https:\/\/imprimeideas.es\/en\/wp-json\/wp\/v2\/product\/51629","targetHints":{"allow":["GET"]}}],"collection":[{"href":"https:\/\/imprimeideas.es\/en\/wp-json\/wp\/v2\/product"}],"about":[{"href":"https:\/\/imprimeideas.es\/en\/wp-json\/wp\/v2\/types\/product"}],"replies":[{"embeddable":true,"href":"https:\/\/imprimeideas.es\/en\/wp-json\/wp\/v2\/comments?post=51629"}],"version-history":[{"count":1,"href":"https:\/\/imprimeideas.es\/en\/wp-json\/wp\/v2\/product\/51629\/revisions"}],"predecessor-version":[{"id":58332,"href":"https:\/\/imprimeideas.es\/en\/wp-json\/wp\/v2\/product\/51629\/revisions\/58332"}],"wp:featuredmedia":[{"embeddable":true,"href":"https:\/\/imprimeideas.es\/en\/wp-json\/wp\/v2\/media\/78880"}],"wp:attachment":[{"href":"https:\/\/imprimeideas.es\/en\/wp-json\/wp\/v2\/media?parent=51629"}],"wp:term":[{"taxonomy":"product_brand","embeddable":true,"href":"https:\/\/imprimeideas.es\/en\/wp-json\/wp\/v2\/product_brand?post=51629"},{"taxonomy":"product_cat","embeddable":true,"href":"https:\/\/imprimeideas.es\/en\/wp-json\/wp\/v2\/product_cat?post=51629"},{"taxonomy":"product_tag","embeddable":true,"href":"https:\/\/imprimeideas.es\/en\/wp-json\/wp\/v2\/product_tag?post=51629"}],"curies":[{"name":"wp","href":"https:\/\/api.w.org\/{rel}","templated":true}]}}