{"id":51624,"date":"2026-02-24T12:44:10","date_gmt":"2026-02-24T11:44:10","guid":{"rendered":"https:\/\/imprimeideas.es\/?post_type=product&p=51624"},"modified":"2026-02-26T18:03:13","modified_gmt":"2026-02-26T17:03:13","slug":"pareo-toalla-yeser","status":"publish","type":"product","link":"https:\/\/imprimeideas.es\/en\/product\/pareo-toalla-yeser\/","title":{"rendered":"Pareo Toalla Yeser"},"content":{"rendered":"<p>Suave pareo-toalla de 180g\/m2 en combinaci\u00f3n de Algod\u00f3n Reciclado y Poli\u00e9ster RPET. Su dise\u00f1o cuenta con una base en color y rayas blancas.  Incluye flecos en los extremos que a\u00f1aden un detalle decorativo y que completan su acabado.<\/p>","protected":false},"excerpt":{"rendered":"<p>Suave pareo-toalla de 180g\/m2 en combinaci\u00f3n de Algod\u00f3n Reciclado y Poli\u00e9ster RPET. Su dise\u00f1o cuenta con una base en color<\/p>","protected":false},"featured_media":71683,"comment_status":"open","ping_status":"open","template":"","meta":{"inline_featured_image":false},"product_brand":[],"product_cat":[2157,114],"product_tag":[],"class_list":{"0":"post-51624","1":"product","2":"type-product","3":"status-publish","4":"has-post-thumbnail","6":"product_cat-novedades","7":"product_cat-verano-y-playa","9":"first","10":"outofstock","11":"taxable","12":"shipping-taxable","13":"purchasable","14":"product-type-variable","15":"has-default-attributes"},"aioseo_notices":[],"_links":{"self":[{"href":"https:\/\/imprimeideas.es\/en\/wp-json\/wp\/v2\/product\/51624","targetHints":{"allow":["GET"]}}],"collection":[{"href":"https:\/\/imprimeideas.es\/en\/wp-json\/wp\/v2\/product"}],"about":[{"href":"https:\/\/imprimeideas.es\/en\/wp-json\/wp\/v2\/types\/product"}],"replies":[{"embeddable":true,"href":"https:\/\/imprimeideas.es\/en\/wp-json\/wp\/v2\/comments?post=51624"}],"version-history":[{"count":1,"href":"https:\/\/imprimeideas.es\/en\/wp-json\/wp\/v2\/product\/51624\/revisions"}],"predecessor-version":[{"id":58260,"href":"https:\/\/imprimeideas.es\/en\/wp-json\/wp\/v2\/product\/51624\/revisions\/58260"}],"wp:featuredmedia":[{"embeddable":true,"href":"https:\/\/imprimeideas.es\/en\/wp-json\/wp\/v2\/media\/71683"}],"wp:attachment":[{"href":"https:\/\/imprimeideas.es\/en\/wp-json\/wp\/v2\/media?parent=51624"}],"wp:term":[{"taxonomy":"product_brand","embeddable":true,"href":"https:\/\/imprimeideas.es\/en\/wp-json\/wp\/v2\/product_brand?post=51624"},{"taxonomy":"product_cat","embeddable":true,"href":"https:\/\/imprimeideas.es\/en\/wp-json\/wp\/v2\/product_cat?post=51624"},{"taxonomy":"product_tag","embeddable":true,"href":"https:\/\/imprimeideas.es\/en\/wp-json\/wp\/v2\/product_tag?post=51624"}],"curies":[{"name":"wp","href":"https:\/\/api.w.org\/{rel}","templated":true}]}}