{"id":51609,"date":"2026-02-24T12:44:08","date_gmt":"2026-02-24T11:44:08","guid":{"rendered":"https:\/\/imprimeideas.es\/?post_type=product&p=51609"},"modified":"2026-02-26T18:03:09","modified_gmt":"2026-02-26T17:03:09","slug":"bidon-trarun","status":"publish","type":"product","link":"https:\/\/imprimeideas.es\/en\/product\/bidon-trarun\/","title":{"rendered":"Bid\u00f3n Trarun"},"content":{"rendered":"<p>Bid\u00f3n de 1L de capacidad, fabricado en resistente RPET y en acabado transl\u00facido mate. Con indicador de capacidad en litros y onzas, junto con frases motivadoras que invitan a mantener una adecuada hidrataci\u00f3n. Con tap\u00f3n negro de rosca y tapa con capucha pl\u00e1stica transparente con cierre en push. Con boquilla  y cierre de seguridad y c\u00f3moda cinta de transporte. Libre de BPA.<\/p>","protected":false},"excerpt":{"rendered":"<p>1 L<\/p>","protected":false},"featured_media":62408,"comment_status":"open","ping_status":"open","template":"","meta":{"inline_featured_image":false},"product_brand":[],"product_cat":[101,97],"product_tag":[],"class_list":{"0":"post-51609","1":"product","2":"type-product","3":"status-publish","4":"has-post-thumbnail","6":"product_cat-deporte-y-aventura","7":"product_cat-tazas-jarras-y-termos","9":"first","10":"instock","11":"taxable","12":"shipping-taxable","13":"purchasable","14":"product-type-variable","15":"has-default-attributes"},"aioseo_notices":[],"_links":{"self":[{"href":"https:\/\/imprimeideas.es\/en\/wp-json\/wp\/v2\/product\/51609","targetHints":{"allow":["GET"]}}],"collection":[{"href":"https:\/\/imprimeideas.es\/en\/wp-json\/wp\/v2\/product"}],"about":[{"href":"https:\/\/imprimeideas.es\/en\/wp-json\/wp\/v2\/types\/product"}],"replies":[{"embeddable":true,"href":"https:\/\/imprimeideas.es\/en\/wp-json\/wp\/v2\/comments?post=51609"}],"version-history":[{"count":1,"href":"https:\/\/imprimeideas.es\/en\/wp-json\/wp\/v2\/product\/51609\/revisions"}],"predecessor-version":[{"id":58282,"href":"https:\/\/imprimeideas.es\/en\/wp-json\/wp\/v2\/product\/51609\/revisions\/58282"}],"wp:featuredmedia":[{"embeddable":true,"href":"https:\/\/imprimeideas.es\/en\/wp-json\/wp\/v2\/media\/62408"}],"wp:attachment":[{"href":"https:\/\/imprimeideas.es\/en\/wp-json\/wp\/v2\/media?parent=51609"}],"wp:term":[{"taxonomy":"product_brand","embeddable":true,"href":"https:\/\/imprimeideas.es\/en\/wp-json\/wp\/v2\/product_brand?post=51609"},{"taxonomy":"product_cat","embeddable":true,"href":"https:\/\/imprimeideas.es\/en\/wp-json\/wp\/v2\/product_cat?post=51609"},{"taxonomy":"product_tag","embeddable":true,"href":"https:\/\/imprimeideas.es\/en\/wp-json\/wp\/v2\/product_tag?post=51609"}],"curies":[{"name":"wp","href":"https:\/\/api.w.org\/{rel}","templated":true}]}}